{"id":116,"date":"2020-02-07T09:19:37","date_gmt":"2020-02-07T09:19:37","guid":{"rendered":"https:\/\/hipnocentro.com\/2020\/?page_id=116"},"modified":"2022-11-28T21:54:52","modified_gmt":"2022-11-28T21:54:52","slug":"efectos-secundarios-de-la-hipnosis","status":"publish","type":"page","link":"https:\/\/hipnocentro.com\/2020\/dejar-de-fumar-con-hipnosis\/efectos-secundarios-de-la-hipnosis\/","title":{"rendered":"Efectos secundarios de la hipnosis"},"content":{"rendered":"\n[et_pb_section fb_built=\u00bb1&#8243; _builder_version=\u00bb4.16&#8243; animation_style=\u00bbfade\u00bb global_colors_info=\u00bb{}\u00bb][et_pb_row column_structure=\u00bb3_4,1_4&#8243; _builder_version=\u00bb4.16&#8243; global_colors_info=\u00bb{}\u00bb][et_pb_column type=\u00bb3_4&#8243; _builder_version=\u00bb4.16&#8243; global_colors_info=\u00bb{}\u00bb][et_pb_text _builder_version=\u00bb4.19.0&#8243; custom_padding=\u00bb|52px||52px|false|true\u00bb custom_padding_tablet=\u00bb|13px||13px|false|true\u00bb custom_padding_phone=\u00bb|0px||0px|false|true\u00bb custom_padding_last_edited=\u00bbon|tablet\u00bb hover_enabled=\u00bb0&#8243; global_colors_info=\u00bb{}\u00bb sticky_enabled=\u00bb0&#8243;]<div class=\"row-fluid\">\n<div class=\"span12\">\n<div class=\"row-fluid\">\n<div class=\"span12\">\n<div class=\"row-fluid\">\n<div class=\"span12\">\n<div class=\"row-fluid\">\n<div class=\"span12\">\n<div class=\"row-fluid\">\n<div class=\"span12\">\n<div class=\"row-fluid\">\n<div class=\"span12\">\n<div class=\"row-fluid\">\n<div class=\"span12\">\n<h2 class=\"title\">EFECTOS SECUNDARIOS DE LA HIPNOSIS<\/h2>\n<p>En Hipnocentro utilizamos esta t\u00e9cnica para dejar de fumar con hipnosis y adelgazar con hipnosis en nuestros seminarios presenciales por toda Espa\u00f1a; Madrid, Valencia, Sevilla, Pamplona, Bilbao, Zaragoza, Asturias, consulta tu ciudad en la <a href=\"https:\/\/hipnocentro.com\/2020\/\">p\u00e1gina de reservas de nuestra web<\/a>.<\/p>\n<\/div>\n<\/div>\n<div class=\"row-fluid\">\n<div class=\"span8 first-module module_cont module_normal_padding module_text_area\">\n<div class=\"module_content\">\n<p><span class=\"dropcap \">E<\/span>n general la hipnosis es una pr\u00e1ctica inofensiva para nuestra salud, ya que no hay riesgo de sufrir lesiones ni enfermedades de ning\u00fan tipo, pudiendo llegar a ser, en cambio, muy beneficiosa. No supone peligro alguno, ni tampoco efectos secundarios graves. Sin embargo es frecuente percibir las siguientes sensaciones tras una sesi\u00f3n:<\/p>\n<ul>\n<li>Sentir cierto cansancio en las horas siguientes a la sesi\u00f3n.<\/li>\n<li>En ciertos casos, se han detectado leves dificultades para hablar con soltura o que el asistente tenga una leve sensaci\u00f3n de fr\u00edo en el cuerpo (durante un breve lapso de tiempo).<\/li>\n<li>Llegar a alcanzar un sue\u00f1o muy profundo en la noche siguiente a la sesi\u00f3n, y a veces durante algunas noches m\u00e1s.<\/li>\n<li>Sensaci\u00f3n de pesadez en las piernas y en los brazos, durante poco tiempo.<\/li>\n<li>Las sesiones se pueden acabar experimentando una sensaci\u00f3n de euforia con mucha energ\u00eda, o un leve cansancio al final.\u00a0<\/li>\n<\/ul>\n<p><span class=\"dropcap \">N<\/span>inguna de las percepciones expuestas se pueden considerar como un peligro ya que todas pueden ser paliadas con el protocolo de recuperaci\u00f3n que el director de cada sesi\u00f3n puede llevar a cabo con gran eficacia, en todos los casos en los que sea necesario.<\/p>\n<p>Tras la sesi\u00f3n, es habitual que se sienta un leve adormecimiento, y que durante algunas noches se duerma m\u00e1s profundamente y durante m\u00e1s horas de lo acostumbrado. A\u00fan siendo as\u00ed, no se produce ninguna alteraci\u00f3n a largo plazo.<\/p>\n<p><span class=\"dropcap \">U<\/span>na vez que la sesi\u00f3n ha concluido no hay peligro para la conducci\u00f3n, pudi\u00e9ndose realizar cualquier actividad de manera normal.<\/p>\n<p>Recordamos que el asistente no se duerme en ning\u00fan momento, ni sufre p\u00e9rdida de consciencia.<\/p>\n<\/div>\n<\/div>\n<\/div>\n<\/div>\n<\/div>\n<\/div>\n<\/div>\n<\/div>\n<\/div>\n<\/div>\n<\/div>\n<\/div>\n<\/div>\n<\/div>\n<\/div>[\/et_pb_text][\/et_pb_column][et_pb_column type=\u00bb1_4&#8243; _builder_version=\u00bb4.16&#8243; global_colors_info=\u00bb{}\u00bb][et_pb_button button_url=\u00bbhttps:\/\/www.hipnocentro.com\/#reservas\u00bb button_text=\u00bbReservas\u00bb button_alignment=\u00bbleft\u00bb _builder_version=\u00bb4.16&#8243; custom_button=\u00bbon\u00bb button_text_size=\u00bb34px\u00bb button_text_color=\u00bb#fab865&#8243; button_bg_color=\u00bb#5d5ba0&#8243; button_text_size_tablet=\u00bb99px\u00bb button_text_size_phone=\u00bb62px\u00bb button_text_size_last_edited=\u00bbon|phone\u00bb locked=\u00bboff\u00bb global_colors_info=\u00bb{}\u00bb][\/et_pb_button][et_pb_sidebar area=\u00bbsidebar-7&#8243; _builder_version=\u00bb4.16&#8243; global_colors_info=\u00bb{}\u00bb][\/et_pb_sidebar][\/et_pb_column][\/et_pb_row][\/et_pb_section]\n","protected":false},"excerpt":{"rendered":"<p>EFECTOS SECUNDARIOS DE LA HIPNOSIS En Hipnocentro utilizamos esta t\u00e9cnica para dejar de fumar con hipnosis y adelgazar con hipnosis en nuestros seminarios presenciales por toda Espa\u00f1a; Madrid, Valencia, Sevilla, Pamplona, Bilbao, Zaragoza, Asturias, consulta tu ciudad en la p\u00e1gina de reservas de nuestra web. En general la hipnosis es una pr\u00e1ctica inofensiva para nuestra [&hellip;]<\/p>\n","protected":false},"author":6,"featured_media":0,"parent":85,"menu_order":0,"comment_status":"closed","ping_status":"closed","template":"","meta":{"_et_pb_use_builder":"on","_et_pb_old_content":"<!-- wp:divi\/placeholder \/-->","_et_gb_content_width":"","footnotes":""},"yoast_head":"<!-- This site is optimized with the Yoast SEO plugin v20.6 - https:\/\/yoast.com\/wordpress\/plugins\/seo\/ -->\n<title>Efectos Hipnosis - HIPNOCENTRO Dejar de Fumar Madrid<\/title>\n<meta name=\"description\" content=\"Hipnocentro es tu centro profesional para DEJAR DE FUMAR y ADELGAZAR con Hipnosis. Reserva tu seminario en Madrid, Sevilla, Bilbao, Murcia...\" \/>\n<meta name=\"robots\" content=\"index, follow, max-snippet:-1, max-image-preview:large, max-video-preview:-1\" \/>\n<link rel=\"canonical\" href=\"https:\/\/hipnocentro.com\/2020\/dejar-de-fumar-con-hipnosis\/efectos-secundarios-de-la-hipnosis\/\" \/>\n<meta property=\"og:locale\" content=\"es_ES\" \/>\n<meta property=\"og:type\" content=\"article\" \/>\n<meta property=\"og:title\" content=\"Efectos Hipnosis - HIPNOCENTRO Dejar de Fumar Madrid\" \/>\n<meta property=\"og:description\" content=\"Hipnocentro es tu centro profesional para DEJAR DE FUMAR y ADELGAZAR con Hipnosis. Reserva tu seminario en Madrid, Sevilla, Bilbao, Murcia...\" \/>\n<meta property=\"og:url\" content=\"https:\/\/hipnocentro.com\/2020\/dejar-de-fumar-con-hipnosis\/efectos-secundarios-de-la-hipnosis\/\" \/>\n<meta property=\"og:site_name\" content=\"HIPNOCENTRO\" \/>\n<meta property=\"article:modified_time\" content=\"2022-11-28T21:54:52+00:00\" \/>\n<meta name=\"twitter:card\" content=\"summary_large_image\" \/>\n<meta name=\"twitter:label1\" content=\"Tiempo de lectura\" \/>\n\t<meta name=\"twitter:data1\" content=\"2 minutos\" \/>\n<script type=\"application\/ld+json\" class=\"yoast-schema-graph\">{\"@context\":\"https:\/\/schema.org\",\"@graph\":[{\"@type\":\"WebPage\",\"@id\":\"https:\/\/hipnocentro.com\/2020\/dejar-de-fumar-con-hipnosis\/efectos-secundarios-de-la-hipnosis\/\",\"url\":\"https:\/\/hipnocentro.com\/2020\/dejar-de-fumar-con-hipnosis\/efectos-secundarios-de-la-hipnosis\/\",\"name\":\"Efectos Hipnosis - HIPNOCENTRO Dejar de Fumar Madrid\",\"isPartOf\":{\"@id\":\"https:\/\/hipnocentro.com\/2020\/#website\"},\"datePublished\":\"2020-02-07T09:19:37+00:00\",\"dateModified\":\"2022-11-28T21:54:52+00:00\",\"description\":\"Hipnocentro es tu centro profesional para DEJAR DE FUMAR y ADELGAZAR con Hipnosis. Reserva tu seminario en Madrid, Sevilla, Bilbao, Murcia...\",\"breadcrumb\":{\"@id\":\"https:\/\/hipnocentro.com\/2020\/dejar-de-fumar-con-hipnosis\/efectos-secundarios-de-la-hipnosis\/#breadcrumb\"},\"inLanguage\":\"es\",\"potentialAction\":[{\"@type\":\"ReadAction\",\"target\":[\"https:\/\/hipnocentro.com\/2020\/dejar-de-fumar-con-hipnosis\/efectos-secundarios-de-la-hipnosis\/\"]}]},{\"@type\":\"BreadcrumbList\",\"@id\":\"https:\/\/hipnocentro.com\/2020\/dejar-de-fumar-con-hipnosis\/efectos-secundarios-de-la-hipnosis\/#breadcrumb\",\"itemListElement\":[{\"@type\":\"ListItem\",\"position\":1,\"name\":\"Portada\",\"item\":\"https:\/\/hipnocentro.com\/2020\/\"},{\"@type\":\"ListItem\",\"position\":2,\"name\":\"Dejar de fumar con hipnosis\",\"item\":\"https:\/\/hipnocentro.com\/2020\/dejar-de-fumar-con-hipnosis\/\"},{\"@type\":\"ListItem\",\"position\":3,\"name\":\"Efectos secundarios de la hipnosis\"}]},{\"@type\":\"WebSite\",\"@id\":\"https:\/\/hipnocentro.com\/2020\/#website\",\"url\":\"https:\/\/hipnocentro.com\/2020\/\",\"name\":\"HIPNOCENTRO\",\"description\":\"Centro de Hipn&oacute;sis Profesional y An&aacute;lisis Transaccional\",\"publisher\":{\"@id\":\"https:\/\/hipnocentro.com\/2020\/#organization\"},\"potentialAction\":[{\"@type\":\"SearchAction\",\"target\":{\"@type\":\"EntryPoint\",\"urlTemplate\":\"https:\/\/hipnocentro.com\/2020\/?s={search_term_string}\"},\"query-input\":\"required name=search_term_string\"}],\"inLanguage\":\"es\"},{\"@type\":\"Organization\",\"@id\":\"https:\/\/hipnocentro.com\/2020\/#organization\",\"name\":\"HIPNOCENTRO\",\"url\":\"https:\/\/hipnocentro.com\/2020\/\",\"logo\":{\"@type\":\"ImageObject\",\"inLanguage\":\"es\",\"@id\":\"https:\/\/hipnocentro.com\/2020\/#\/schema\/logo\/image\/\",\"url\":\"https:\/\/hipnocentro.com\/2020\/wp-content\/uploads\/2022\/10\/Logo-corto-Hipnocentro.jpg\",\"contentUrl\":\"https:\/\/hipnocentro.com\/2020\/wp-content\/uploads\/2022\/10\/Logo-corto-Hipnocentro.jpg\",\"width\":856,\"height\":192,\"caption\":\"HIPNOCENTRO\"},\"image\":{\"@id\":\"https:\/\/hipnocentro.com\/2020\/#\/schema\/logo\/image\/\"}}]}<\/script>\n<!-- \/ Yoast SEO plugin. -->","yoast_head_json":{"title":"Efectos Hipnosis - HIPNOCENTRO Dejar de Fumar Madrid","description":"Hipnocentro es tu centro profesional para DEJAR DE FUMAR y ADELGAZAR con Hipnosis. Reserva tu seminario en Madrid, Sevilla, Bilbao, Murcia...","robots":{"index":"index","follow":"follow","max-snippet":"max-snippet:-1","max-image-preview":"max-image-preview:large","max-video-preview":"max-video-preview:-1"},"canonical":"https:\/\/hipnocentro.com\/2020\/dejar-de-fumar-con-hipnosis\/efectos-secundarios-de-la-hipnosis\/","og_locale":"es_ES","og_type":"article","og_title":"Efectos Hipnosis - HIPNOCENTRO Dejar de Fumar Madrid","og_description":"Hipnocentro es tu centro profesional para DEJAR DE FUMAR y ADELGAZAR con Hipnosis. Reserva tu seminario en Madrid, Sevilla, Bilbao, Murcia...","og_url":"https:\/\/hipnocentro.com\/2020\/dejar-de-fumar-con-hipnosis\/efectos-secundarios-de-la-hipnosis\/","og_site_name":"HIPNOCENTRO","article_modified_time":"2022-11-28T21:54:52+00:00","twitter_card":"summary_large_image","twitter_misc":{"Tiempo de lectura":"2 minutos"},"schema":{"@context":"https:\/\/schema.org","@graph":[{"@type":"WebPage","@id":"https:\/\/hipnocentro.com\/2020\/dejar-de-fumar-con-hipnosis\/efectos-secundarios-de-la-hipnosis\/","url":"https:\/\/hipnocentro.com\/2020\/dejar-de-fumar-con-hipnosis\/efectos-secundarios-de-la-hipnosis\/","name":"Efectos Hipnosis - HIPNOCENTRO Dejar de Fumar Madrid","isPartOf":{"@id":"https:\/\/hipnocentro.com\/2020\/#website"},"datePublished":"2020-02-07T09:19:37+00:00","dateModified":"2022-11-28T21:54:52+00:00","description":"Hipnocentro es tu centro profesional para DEJAR DE FUMAR y ADELGAZAR con Hipnosis. Reserva tu seminario en Madrid, Sevilla, Bilbao, Murcia...","breadcrumb":{"@id":"https:\/\/hipnocentro.com\/2020\/dejar-de-fumar-con-hipnosis\/efectos-secundarios-de-la-hipnosis\/#breadcrumb"},"inLanguage":"es","potentialAction":[{"@type":"ReadAction","target":["https:\/\/hipnocentro.com\/2020\/dejar-de-fumar-con-hipnosis\/efectos-secundarios-de-la-hipnosis\/"]}]},{"@type":"BreadcrumbList","@id":"https:\/\/hipnocentro.com\/2020\/dejar-de-fumar-con-hipnosis\/efectos-secundarios-de-la-hipnosis\/#breadcrumb","itemListElement":[{"@type":"ListItem","position":1,"name":"Portada","item":"https:\/\/hipnocentro.com\/2020\/"},{"@type":"ListItem","position":2,"name":"Dejar de fumar con hipnosis","item":"https:\/\/hipnocentro.com\/2020\/dejar-de-fumar-con-hipnosis\/"},{"@type":"ListItem","position":3,"name":"Efectos secundarios de la hipnosis"}]},{"@type":"WebSite","@id":"https:\/\/hipnocentro.com\/2020\/#website","url":"https:\/\/hipnocentro.com\/2020\/","name":"HIPNOCENTRO","description":"Centro de Hipn&oacute;sis Profesional y An&aacute;lisis Transaccional","publisher":{"@id":"https:\/\/hipnocentro.com\/2020\/#organization"},"potentialAction":[{"@type":"SearchAction","target":{"@type":"EntryPoint","urlTemplate":"https:\/\/hipnocentro.com\/2020\/?s={search_term_string}"},"query-input":"required name=search_term_string"}],"inLanguage":"es"},{"@type":"Organization","@id":"https:\/\/hipnocentro.com\/2020\/#organization","name":"HIPNOCENTRO","url":"https:\/\/hipnocentro.com\/2020\/","logo":{"@type":"ImageObject","inLanguage":"es","@id":"https:\/\/hipnocentro.com\/2020\/#\/schema\/logo\/image\/","url":"https:\/\/hipnocentro.com\/2020\/wp-content\/uploads\/2022\/10\/Logo-corto-Hipnocentro.jpg","contentUrl":"https:\/\/hipnocentro.com\/2020\/wp-content\/uploads\/2022\/10\/Logo-corto-Hipnocentro.jpg","width":856,"height":192,"caption":"HIPNOCENTRO"},"image":{"@id":"https:\/\/hipnocentro.com\/2020\/#\/schema\/logo\/image\/"}}]}},"_links":{"self":[{"href":"https:\/\/hipnocentro.com\/2020\/wp-json\/wp\/v2\/pages\/116"}],"collection":[{"href":"https:\/\/hipnocentro.com\/2020\/wp-json\/wp\/v2\/pages"}],"about":[{"href":"https:\/\/hipnocentro.com\/2020\/wp-json\/wp\/v2\/types\/page"}],"author":[{"embeddable":true,"href":"https:\/\/hipnocentro.com\/2020\/wp-json\/wp\/v2\/users\/6"}],"replies":[{"embeddable":true,"href":"https:\/\/hipnocentro.com\/2020\/wp-json\/wp\/v2\/comments?post=116"}],"version-history":[{"count":6,"href":"https:\/\/hipnocentro.com\/2020\/wp-json\/wp\/v2\/pages\/116\/revisions"}],"predecessor-version":[{"id":1315,"href":"https:\/\/hipnocentro.com\/2020\/wp-json\/wp\/v2\/pages\/116\/revisions\/1315"}],"up":[{"embeddable":true,"href":"https:\/\/hipnocentro.com\/2020\/wp-json\/wp\/v2\/pages\/85"}],"wp:attachment":[{"href":"https:\/\/hipnocentro.com\/2020\/wp-json\/wp\/v2\/media?parent=116"}],"curies":[{"name":"wp","href":"https:\/\/api.w.org\/{rel}","templated":true}]}}