{"id":122,"date":"2020-02-07T09:22:10","date_gmt":"2020-02-07T09:22:10","guid":{"rendered":"https:\/\/hipnocentro.com\/2020\/?page_id=122"},"modified":"2023-01-09T18:53:52","modified_gmt":"2023-01-09T18:53:52","slug":"adelgazar-con-hipnosis","status":"publish","type":"page","link":"https:\/\/hipnocentro.com\/2020\/adelgazar-con-hipnosis\/","title":{"rendered":"Adelgazar con hipnosis"},"content":{"rendered":"<p>[et_pb_section fb_built=\u00bb1&#8243; _builder_version=\u00bb4.16&#8243; global_colors_info=\u00bb{}\u00bb][et_pb_row column_structure=\u00bb3_4,1_4&#8243; _builder_version=\u00bb4.16&#8243; global_colors_info=\u00bb{}\u00bb][et_pb_column type=\u00bb3_4&#8243; _builder_version=\u00bb4.16&#8243; global_colors_info=\u00bb{}\u00bb][et_pb_text _builder_version=\u00bb4.16&#8243; custom_padding=\u00bb|52px||52px|false|true\u00bb custom_padding_tablet=\u00bb|13px||13px|false|true\u00bb custom_padding_phone=\u00bb|0px||0px|false|true\u00bb custom_padding_last_edited=\u00bbon|tablet\u00bb global_colors_info=\u00bb{}\u00bb]<\/p>\n<div class=\"row-fluid\">\n<div class=\"span12\">\n<div class=\"row-fluid\">\n<div class=\"span12\">\n<div class=\"row-fluid\">\n<div class=\"span12\">\n<div class=\"row-fluid\">\n<div class=\"span12\">\n<div class=\"row-fluid\">\n<div class=\"span12\">\n<div class=\"row-fluid\">\n<div class=\"span12\">\n<div class=\"row-fluid\">\n<div class=\"span12\">\n<div class=\"bg_title\">\n<h3 class=\"headInModule\">ADELGAZAR CON HIPNOSIS<\/h3>\n<p>Reserva aqu\u00ed &gt;&gt; <a href=\"https:\/\/hipnocentro.com\/2020\/\">tu sesi\u00f3n para Adelgazar con Hipnosis<\/a><\/p>\n<p><span class=\"dropcap \" style=\"font-size: 15px;\">N<\/span><span style=\"font-size: 15px;\">uestro m\u00e9todo de adelgazamiento por Hipnosis, consta de dos partes, la sesi\u00f3n y luego el m\u00e9todo que aplic\u00e1remos durante los pr\u00f3ximos treinta d\u00edas despu\u00e9s de la sesi\u00f3n.<\/span><\/p>\n<p>Las sesiones se realizan en nuestros seminarios presenciales por toda Espa\u00f1a (Madrid, Asturias, Bilbao, Pamplona, Zaragoza, Murcia, Sevilla, Alicante) consulta la p\u00e1gina de reservas para localizar el d\u00eda para realizar tu sesi\u00f3n de hipnosis para adelgazar y la posibilidad de realizarlo online si as\u00ed lo necesitas o no existe localizaci\u00f3n cercana para ti.<span style=\"font-size: 15px;\"><\/span><\/p>\n<p><span style=\"font-size: 15px;\"><\/span><\/p>\n<\/div>\n<div class=\"module_content\">\n<p>En la sesi\u00f3n trabajamos haciendo PSICOEDUCACI\u00d3N EMOCIONAL sobre los diferentes tipo de hambre y c\u00f3mo funciona el mundo emocional y la comida.<\/p>\n<p>En la sesi\u00f3n de hipnosis trabajamos reforzando autoestima y quitando ansiedad para conseguir en los d\u00edas posteriores el resultado deseado.<\/p>\n<p>Este m\u00e9todo no es una dieta de adelgazar es un proceso que implica aspectos psicol\u00f3gicos y emocionales.<\/p>\n<\/div>\n<\/div>\n<\/div>\n<\/div>\n<\/div>\n<\/div>\n<\/div>\n<\/div>\n<\/div>\n<\/div>\n<\/div>\n<\/div>\n<\/div>\n<\/div>\n<\/div>\n<p>[\/et_pb_text][\/et_pb_column][et_pb_column type=\u00bb1_4&#8243; _builder_version=\u00bb4.16&#8243; global_colors_info=\u00bb{}\u00bb][et_pb_sidebar area=\u00bbsidebar-6&#8243; _builder_version=\u00bb4.16&#8243; global_colors_info=\u00bb{}\u00bb][\/et_pb_sidebar][\/et_pb_column][\/et_pb_row][\/et_pb_section][et_pb_section fb_built=\u00bb1&#8243; fullwidth=\u00bbon\u00bb theme_builder_area=\u00bbpost_content\u00bb _builder_version=\u00bb4.19.0&#8243; _module_preset=\u00bbdefault\u00bb][et_pb_fullwidth_image src=\u00bbhttps:\/\/hipnocentro.com\/2020\/wp-content\/uploads\/2023\/01\/Ads-Adelgazar-3.jpg\u00bb _builder_version=\u00bb4.19.0&#8243; _module_preset=\u00bbdefault\u00bb theme_builder_area=\u00bbpost_content\u00bb alt=\u00bbAdelgazar con Hipnosis Hipnocentro Madrid Bilbao Zaragoza Barcelona\u00bb title_text=\u00bbAds Adelgazar 3&#8243; hover_enabled=\u00bb0&#8243; sticky_enabled=\u00bb0&#8243;][\/et_pb_fullwidth_image][\/et_pb_section]<\/p>\n","protected":false},"excerpt":{"rendered":"<p>ADELGAZAR CON HIPNOSIS Reserva aqu\u00ed &gt;&gt; tu sesi\u00f3n para Adelgazar con Hipnosis Nuestro m\u00e9todo de adelgazamiento por Hipnosis, consta de dos partes, la sesi\u00f3n y luego el m\u00e9todo que aplic\u00e1remos durante los pr\u00f3ximos treinta d\u00edas despu\u00e9s de la sesi\u00f3n. Las sesiones se realizan en nuestros seminarios presenciales por toda Espa\u00f1a (Madrid, Asturias, Bilbao, Pamplona, Zaragoza, [&hellip;]<\/p>\n","protected":false},"author":6,"featured_media":1332,"parent":0,"menu_order":0,"comment_status":"closed","ping_status":"closed","template":"","meta":{"_et_pb_use_builder":"on","_et_pb_old_content":"<!-- wp:divi\/placeholder \/-->","_et_gb_content_width":"","footnotes":""},"yoast_head":"<!-- This site is optimized with the Yoast SEO plugin v20.6 - https:\/\/yoast.com\/wordpress\/plugins\/seo\/ -->\n<title>Adelgazar con hipnosis - HIPNOCENTRO - Elige tu ciudad Espa\u00f1a<\/title>\n<meta name=\"description\" content=\"Adelgazar con Hipnosis en nuestros seminarios presenciales - Madrid - Bilbao - Zaragoza - Pamplona - Oviedo Elije tu Ciudad Presencial Online\" \/>\n<meta name=\"robots\" content=\"index, follow, max-snippet:-1, max-image-preview:large, max-video-preview:-1\" \/>\n<link rel=\"canonical\" href=\"https:\/\/hipnocentro.com\/2020\/adelgazar-con-hipnosis\/\" \/>\n<meta property=\"og:locale\" content=\"es_ES\" \/>\n<meta property=\"og:type\" content=\"article\" \/>\n<meta property=\"og:title\" content=\"Adelgazar con Hipnosis - Hipnocentro - Elige tu ciudad - Espa\u00f1a\" \/>\n<meta property=\"og:description\" content=\"Adelgazar con Hipnosis en nuestros seminarios presenciales - Madrid - Bilbao - Zaragoza - Pamplona - Oviedo Elije tu Ciudad Presencial Online\" \/>\n<meta property=\"og:url\" content=\"https:\/\/hipnocentro.com\/2020\/adelgazar-con-hipnosis\/\" \/>\n<meta property=\"og:site_name\" content=\"HIPNOCENTRO\" \/>\n<meta property=\"article:modified_time\" content=\"2023-01-09T18:53:52+00:00\" \/>\n<meta property=\"og:image\" content=\"https:\/\/hipnocentro.com\/2020\/wp-content\/uploads\/2023\/01\/Ads-Adelgazar-3.jpg\" \/>\n\t<meta property=\"og:image:width\" content=\"2500\" \/>\n\t<meta property=\"og:image:height\" content=\"1308\" \/>\n\t<meta property=\"og:image:type\" content=\"image\/jpeg\" \/>\n<meta name=\"twitter:card\" content=\"summary_large_image\" \/>\n<meta name=\"twitter:title\" content=\"Adelgazar con Hipnosis - Hipnocentro - Elige tu ciudad - Espa\u00f1a\" \/>\n<meta name=\"twitter:description\" content=\"Adelgazar con Hipnosis en nuestros seminarios presenciales - Madrid - Bilbao - Zaragoza - Pamplona - Oviedo Elije tu Ciudad Presencial Online\" \/>\n<meta name=\"twitter:image\" content=\"https:\/\/hipnocentro.com\/2020\/wp-content\/uploads\/2022\/12\/header-Hipnosis-para-Adelgazar-Hipnocentro-scaled.jpg\" \/>\n<meta name=\"twitter:label1\" content=\"Tiempo de lectura\" \/>\n\t<meta name=\"twitter:data1\" content=\"1 minuto\" \/>\n<script type=\"application\/ld+json\" class=\"yoast-schema-graph\">{\"@context\":\"https:\/\/schema.org\",\"@graph\":[{\"@type\":\"WebPage\",\"@id\":\"https:\/\/hipnocentro.com\/2020\/adelgazar-con-hipnosis\/\",\"url\":\"https:\/\/hipnocentro.com\/2020\/adelgazar-con-hipnosis\/\",\"name\":\"Adelgazar con hipnosis - HIPNOCENTRO - Elige tu ciudad Espa\u00f1a\",\"isPartOf\":{\"@id\":\"https:\/\/hipnocentro.com\/2020\/#website\"},\"datePublished\":\"2020-02-07T09:22:10+00:00\",\"dateModified\":\"2023-01-09T18:53:52+00:00\",\"description\":\"Adelgazar con Hipnosis en nuestros seminarios presenciales - Madrid - Bilbao - Zaragoza - Pamplona - Oviedo Elije tu Ciudad Presencial Online\",\"breadcrumb\":{\"@id\":\"https:\/\/hipnocentro.com\/2020\/adelgazar-con-hipnosis\/#breadcrumb\"},\"inLanguage\":\"es\",\"potentialAction\":[{\"@type\":\"ReadAction\",\"target\":[\"https:\/\/hipnocentro.com\/2020\/adelgazar-con-hipnosis\/\"]}]},{\"@type\":\"BreadcrumbList\",\"@id\":\"https:\/\/hipnocentro.com\/2020\/adelgazar-con-hipnosis\/#breadcrumb\",\"itemListElement\":[{\"@type\":\"ListItem\",\"position\":1,\"name\":\"Portada\",\"item\":\"https:\/\/hipnocentro.com\/2020\/\"},{\"@type\":\"ListItem\",\"position\":2,\"name\":\"Adelgazar con hipnosis\"}]},{\"@type\":\"WebSite\",\"@id\":\"https:\/\/hipnocentro.com\/2020\/#website\",\"url\":\"https:\/\/hipnocentro.com\/2020\/\",\"name\":\"HIPNOCENTRO\",\"description\":\"Centro de Hipn&oacute;sis Profesional y An&aacute;lisis Transaccional\",\"publisher\":{\"@id\":\"https:\/\/hipnocentro.com\/2020\/#organization\"},\"potentialAction\":[{\"@type\":\"SearchAction\",\"target\":{\"@type\":\"EntryPoint\",\"urlTemplate\":\"https:\/\/hipnocentro.com\/2020\/?s={search_term_string}\"},\"query-input\":\"required name=search_term_string\"}],\"inLanguage\":\"es\"},{\"@type\":\"Organization\",\"@id\":\"https:\/\/hipnocentro.com\/2020\/#organization\",\"name\":\"HIPNOCENTRO\",\"url\":\"https:\/\/hipnocentro.com\/2020\/\",\"logo\":{\"@type\":\"ImageObject\",\"inLanguage\":\"es\",\"@id\":\"https:\/\/hipnocentro.com\/2020\/#\/schema\/logo\/image\/\",\"url\":\"https:\/\/hipnocentro.com\/2020\/wp-content\/uploads\/2022\/10\/Logo-corto-Hipnocentro.jpg\",\"contentUrl\":\"https:\/\/hipnocentro.com\/2020\/wp-content\/uploads\/2022\/10\/Logo-corto-Hipnocentro.jpg\",\"width\":856,\"height\":192,\"caption\":\"HIPNOCENTRO\"},\"image\":{\"@id\":\"https:\/\/hipnocentro.com\/2020\/#\/schema\/logo\/image\/\"}}]}<\/script>\n<!-- \/ Yoast SEO plugin. -->","yoast_head_json":{"title":"Adelgazar con hipnosis - HIPNOCENTRO - Elige tu ciudad Espa\u00f1a","description":"Adelgazar con Hipnosis en nuestros seminarios presenciales - Madrid - Bilbao - Zaragoza - Pamplona - Oviedo Elije tu Ciudad Presencial Online","robots":{"index":"index","follow":"follow","max-snippet":"max-snippet:-1","max-image-preview":"max-image-preview:large","max-video-preview":"max-video-preview:-1"},"canonical":"https:\/\/hipnocentro.com\/2020\/adelgazar-con-hipnosis\/","og_locale":"es_ES","og_type":"article","og_title":"Adelgazar con Hipnosis - Hipnocentro - Elige tu ciudad - Espa\u00f1a","og_description":"Adelgazar con Hipnosis en nuestros seminarios presenciales - Madrid - Bilbao - Zaragoza - Pamplona - Oviedo Elije tu Ciudad Presencial Online","og_url":"https:\/\/hipnocentro.com\/2020\/adelgazar-con-hipnosis\/","og_site_name":"HIPNOCENTRO","article_modified_time":"2023-01-09T18:53:52+00:00","og_image":[{"width":2500,"height":1308,"url":"https:\/\/hipnocentro.com\/2020\/wp-content\/uploads\/2023\/01\/Ads-Adelgazar-3.jpg","type":"image\/jpeg"}],"twitter_card":"summary_large_image","twitter_title":"Adelgazar con Hipnosis - Hipnocentro - Elige tu ciudad - Espa\u00f1a","twitter_description":"Adelgazar con Hipnosis en nuestros seminarios presenciales - Madrid - Bilbao - Zaragoza - Pamplona - Oviedo Elije tu Ciudad Presencial Online","twitter_image":"https:\/\/hipnocentro.com\/2020\/wp-content\/uploads\/2022\/12\/header-Hipnosis-para-Adelgazar-Hipnocentro-scaled.jpg","twitter_misc":{"Tiempo de lectura":"1 minuto"},"schema":{"@context":"https:\/\/schema.org","@graph":[{"@type":"WebPage","@id":"https:\/\/hipnocentro.com\/2020\/adelgazar-con-hipnosis\/","url":"https:\/\/hipnocentro.com\/2020\/adelgazar-con-hipnosis\/","name":"Adelgazar con hipnosis - HIPNOCENTRO - Elige tu ciudad Espa\u00f1a","isPartOf":{"@id":"https:\/\/hipnocentro.com\/2020\/#website"},"datePublished":"2020-02-07T09:22:10+00:00","dateModified":"2023-01-09T18:53:52+00:00","description":"Adelgazar con Hipnosis en nuestros seminarios presenciales - Madrid - Bilbao - Zaragoza - Pamplona - Oviedo Elije tu Ciudad Presencial Online","breadcrumb":{"@id":"https:\/\/hipnocentro.com\/2020\/adelgazar-con-hipnosis\/#breadcrumb"},"inLanguage":"es","potentialAction":[{"@type":"ReadAction","target":["https:\/\/hipnocentro.com\/2020\/adelgazar-con-hipnosis\/"]}]},{"@type":"BreadcrumbList","@id":"https:\/\/hipnocentro.com\/2020\/adelgazar-con-hipnosis\/#breadcrumb","itemListElement":[{"@type":"ListItem","position":1,"name":"Portada","item":"https:\/\/hipnocentro.com\/2020\/"},{"@type":"ListItem","position":2,"name":"Adelgazar con hipnosis"}]},{"@type":"WebSite","@id":"https:\/\/hipnocentro.com\/2020\/#website","url":"https:\/\/hipnocentro.com\/2020\/","name":"HIPNOCENTRO","description":"Centro de Hipn&oacute;sis Profesional y An&aacute;lisis Transaccional","publisher":{"@id":"https:\/\/hipnocentro.com\/2020\/#organization"},"potentialAction":[{"@type":"SearchAction","target":{"@type":"EntryPoint","urlTemplate":"https:\/\/hipnocentro.com\/2020\/?s={search_term_string}"},"query-input":"required name=search_term_string"}],"inLanguage":"es"},{"@type":"Organization","@id":"https:\/\/hipnocentro.com\/2020\/#organization","name":"HIPNOCENTRO","url":"https:\/\/hipnocentro.com\/2020\/","logo":{"@type":"ImageObject","inLanguage":"es","@id":"https:\/\/hipnocentro.com\/2020\/#\/schema\/logo\/image\/","url":"https:\/\/hipnocentro.com\/2020\/wp-content\/uploads\/2022\/10\/Logo-corto-Hipnocentro.jpg","contentUrl":"https:\/\/hipnocentro.com\/2020\/wp-content\/uploads\/2022\/10\/Logo-corto-Hipnocentro.jpg","width":856,"height":192,"caption":"HIPNOCENTRO"},"image":{"@id":"https:\/\/hipnocentro.com\/2020\/#\/schema\/logo\/image\/"}}]}},"_links":{"self":[{"href":"https:\/\/hipnocentro.com\/2020\/wp-json\/wp\/v2\/pages\/122"}],"collection":[{"href":"https:\/\/hipnocentro.com\/2020\/wp-json\/wp\/v2\/pages"}],"about":[{"href":"https:\/\/hipnocentro.com\/2020\/wp-json\/wp\/v2\/types\/page"}],"author":[{"embeddable":true,"href":"https:\/\/hipnocentro.com\/2020\/wp-json\/wp\/v2\/users\/6"}],"replies":[{"embeddable":true,"href":"https:\/\/hipnocentro.com\/2020\/wp-json\/wp\/v2\/comments?post=122"}],"version-history":[{"count":4,"href":"https:\/\/hipnocentro.com\/2020\/wp-json\/wp\/v2\/pages\/122\/revisions"}],"predecessor-version":[{"id":1342,"href":"https:\/\/hipnocentro.com\/2020\/wp-json\/wp\/v2\/pages\/122\/revisions\/1342"}],"wp:featuredmedia":[{"embeddable":true,"href":"https:\/\/hipnocentro.com\/2020\/wp-json\/wp\/v2\/media\/1332"}],"wp:attachment":[{"href":"https:\/\/hipnocentro.com\/2020\/wp-json\/wp\/v2\/media?parent=122"}],"curies":[{"name":"wp","href":"https:\/\/api.w.org\/{rel}","templated":true}]}}