{"id":24,"date":"2020-02-06T10:57:49","date_gmt":"2020-02-06T10:57:49","guid":{"rendered":"https:\/\/hipnocentro.com\/2020\/?page_id=24"},"modified":"2026-03-18T11:36:47","modified_gmt":"2026-03-18T11:36:47","slug":"contacto","status":"publish","type":"page","link":"https:\/\/hipnocentro.com\/2020\/contacto\/","title":{"rendered":"Contacto"},"content":{"rendered":"<p>[et_pb_section fb_built=\u00bb1&#8243; fullwidth=\u00bbon\u00bb _builder_version=\u00bb4.18.0&#8243; _module_preset=\u00bbdefault\u00bb global_colors_info=\u00bb{}\u00bb][et_pb_fullwidth_image src=\u00bbhttps:\/\/hipnocentro.com\/2020\/wp-content\/uploads\/2023\/01\/header-2-scaled.jpg\u00bb alt=\u00bbHipnosis dejar de fumar y adelgazar Hipnocentro Madrid Bilbao Zaragoza Barcelona\u00bb title_text=\u00bbheader 2&#8243; _builder_version=\u00bb4.19.0&#8243; _module_preset=\u00bbdefault\u00bb global_colors_info=\u00bb{}\u00bb][\/et_pb_fullwidth_image][\/et_pb_section][et_pb_section fb_built=\u00bb1&#8243; _builder_version=\u00bb4.18.0&#8243; _module_preset=\u00bbdefault\u00bb global_colors_info=\u00bb{}\u00bb][et_pb_row _builder_version=\u00bb4.18.0&#8243; _module_preset=\u00bbdefault\u00bb global_colors_info=\u00bb{}\u00bb][et_pb_column type=\u00bb4_4&#8243; _builder_version=\u00bb4.18.0&#8243; _module_preset=\u00bbdefault\u00bb global_colors_info=\u00bb{}\u00bb][et_pb_image src=\u00bbhttps:\/\/hipnocentro.com\/2020\/wp-content\/uploads\/2023\/10\/Logo-Hipnocentro-02.png\u00bb alt=\u00bbHipnocentro hipnosis dejar de fumar adelgazar Serdivergente\u00bb title_text=\u00bbLogo Hipnocentro 02&#8243; align=\u00bbcenter\u00bb _builder_version=\u00bb4.19.0&#8243; _module_preset=\u00bbdefault\u00bb max_width=\u00bb40%\u00bb max_width_tablet=\u00bb40%\u00bb max_width_phone=\u00bb67%\u00bb max_width_last_edited=\u00bbon|phone\u00bb global_colors_info=\u00bb{}\u00bb][\/et_pb_image][\/et_pb_column][\/et_pb_row][\/et_pb_section][et_pb_section fb_built=\u00bb1&#8243; _builder_version=\u00bb4.18.0&#8243; custom_padding=\u00bb||4px|||\u00bb animation_style=\u00bbfade\u00bb global_colors_info=\u00bb{}\u00bb][et_pb_row _builder_version=\u00bb4.16&#8243; global_colors_info=\u00bb{}\u00bb][et_pb_column type=\u00bb4_4&#8243; _builder_version=\u00bb4.16&#8243; global_colors_info=\u00bb{}\u00bb][et_pb_text _builder_version=\u00bb4.18.0&#8243; custom_margin=\u00bb-85px||||false|false\u00bb custom_padding=\u00bb0px||||false|false\u00bb global_colors_info=\u00bb{}\u00bb]<\/p>\n<h1 style=\"text-align: center;\">CONTACTO<\/h1>\n<p>[\/et_pb_text][\/et_pb_column][\/et_pb_row][\/et_pb_section][et_pb_section fb_built=\u00bb1&#8243; custom_padding_last_edited=\u00bbon|desktop\u00bb _builder_version=\u00bb4.16&#8243; background_color_gradient_direction=\u00bb270deg\u00bb custom_margin_tablet=\u00bb\u00bb custom_margin_phone=\u00bb0px||||false|false\u00bb custom_margin_last_edited=\u00bbon|desktop\u00bb custom_padding=\u00bb28px||||false|false\u00bb custom_padding_tablet=\u00bb0px||||false|false\u00bb custom_padding_phone=\u00bb0px||||false|false\u00bb animation_style=\u00bbfade\u00bb global_colors_info=\u00bb{}\u00bb][et_pb_row column_structure=\u00bb1_2,1_2&#8243; _builder_version=\u00bb4.19.0&#8243; custom_margin=\u00bb0px||0px||false|false\u00bb global_colors_info=\u00bb{}\u00bb][et_pb_column type=\u00bb1_2&#8243; _builder_version=\u00bb4.16&#8243; global_colors_info=\u00bb{}\u00bb][et_pb_blurb title=\u00bbTel\u00e9fono\u00bb use_icon=\u00bbon\u00bb font_icon=\u00bb&#xe090;||divi||400&#8243; icon_color=\u00bb#ed7017&#8243; icon_placement=\u00bbleft\u00bb _builder_version=\u00bb4.18.0&#8243; header_font_size=\u00bb24px\u00bb body_text_color=\u00bb#515151&#8243; background_color=\u00bb#ffffff\u00bb custom_margin=\u00bb-41px|10%|-41px||true|false\u00bb custom_padding=\u00bb0px|20px|0px|20px|true|true\u00bb border_width_bottom=\u00bb1px\u00bb border_color_bottom=\u00bb#8e8e8e\u00bb border_color_all_image=\u00bb#ed7017&#8243; global_colors_info=\u00bb{}\u00bb]<\/p>\n<p><span>\u00a0<strong>+<\/strong><\/span>34 620 980 239<\/p>\n<p><a href=\"mailto:info@hipnocentro.com\">info@hipnocentro.com<\/a><\/p>\n<p>[\/et_pb_blurb][et_pb_blurb title=\u00bbHorario\u00bb icon_placement=\u00bbleft\u00bb _builder_version=\u00bb4.19.0&#8243; header_level=\u00bbh6&#8243; header_text_color=\u00bb#bc6e0e\u00bb header_font_size=\u00bb24px\u00bb header_line_height=\u00bb2.6em\u00bb body_text_color=\u00bb#515151&#8243; background_color=\u00bb#ffffff\u00bb custom_margin=\u00bb24px|10%|||false|false\u00bb custom_padding=\u00bb20px|20px|20px|20px|true|true\u00bb border_width_bottom=\u00bb1px\u00bb border_color_bottom=\u00bb#8e8e8e\u00bb global_colors_info=\u00bb{}\u00bb]<\/p>\n<h5><strong>Atenci\u00f3n telef\u00f3nica:<\/strong><\/h5>\n<p><span>10:00H a 16:00H<\/span><br \/><span>de L a V<\/span><\/p>\n<p>[\/et_pb_blurb][et_pb_blurb title=\u00bbFacebook\u00bb url=\u00bbhttps:\/\/www.facebook.com\/HipnocentroEs\u00bb icon_placement=\u00bbleft\u00bb image_icon_width=\u00bb200%\u00bb title_tablet=\u00bbhttps:\/\/www.facebook.com\/HipnocentroEs\u00bb title_phone=\u00bbhttps:\/\/www.facebook.com\/HipnocentroEs\u00bb title_last_edited=\u00bboff|phone\u00bb icon_placement_last_edited=\u00bboff|tablet\u00bb content_max_width_tablet=\u00bb\u00bb content_max_width_phone=\u00bb\u00bb content_max_width_last_edited=\u00bbon|phone\u00bb _builder_version=\u00bb4.19.0&#8243; header_level=\u00bbh6&#8243; header_text_color=\u00bb#bc6e0e\u00bb header_font_size=\u00bb25px\u00bb header_line_height=\u00bb2.6em\u00bb body_text_color=\u00bb#515151&#8243; background_color=\u00bb#ffffff\u00bb custom_margin=\u00bb24px|10%||5px|false|false\u00bb custom_padding=\u00bb20px|20px|20px|20px|true|true\u00bb border_width_bottom=\u00bb1px\u00bb border_color_bottom=\u00bb#8e8e8e\u00bb border_width_all_image=\u00bb0px\u00bb global_colors_info=\u00bb{}\u00bb title__hover_enabled=\u00bboff|desktop\u00bb]<\/p>\n<h5><\/h5>\n<h5><a href=\"https:\/\/www.facebook.com\/HipnocentroEs\">https:\/\/www.facebook.com\/HipnocentroEs<\/a><\/h5>\n<p>&nbsp;<\/p>\n<p>[\/et_pb_blurb][\/et_pb_column][et_pb_column type=\u00bb1_2&#8243; _builder_version=\u00bb4.16&#8243; global_colors_info=\u00bb{}\u00bb][et_pb_contact_form email=\u00bbinfo@hipnocentro.com\u00bb title=\u00bbFormulario de contacto de Hipnocentro\u00bb custom_message=\u00bbCorreo enviado desde el formulario de contacto de la p\u00e1gina web de www.hipnocentro.com||et_pb_line_break_holder||||et_pb_line_break_holder||Nombre:  %%Name%%||et_pb_line_break_holder||||et_pb_line_break_holder||Correo:  %%Email%%||et_pb_line_break_holder||||et_pb_line_break_holder||Tel\u00e9fono:  %%telefono%%||et_pb_line_break_holder||||et_pb_line_break_holder||Mensaje:  %%Message%%||et_pb_line_break_holder||||et_pb_line_break_holder||Estoy de acuerdo con la Pol\u00edtica de privacidad\u00bb success_message=\u00bbGracias por contactar con HIPNOCENTRO. En breve nos pondremos en contacto con usted.\u00bb _builder_version=\u00bb4.19.0&#8243; _unique_id=\u00bbba3384c7-374c-41c4-8b46-5958af5093a0&#8243; form_field_background_color=\u00bbrgba(99,49,14,0.06)\u00bb form_field_text_color=\u00bb#63310e\u00bb form_field_focus_text_color=\u00bb#474747&#8243; custom_button=\u00bbon\u00bb button_text_color=\u00bb#ed7017&#8243; button_border_color=\u00bb#ed7017&#8243; button_icon_color=\u00bb#5d4d1b\u00bb hover_enabled=\u00bb0&#8243; border_radii=\u00bbon|7px|7px|7px|7px\u00bb global_colors_info=\u00bb{}\u00bb sticky_enabled=\u00bb0&#8243;][et_pb_contact_field field_id=\u00bbName\u00bb field_title=\u00bbNombre\u00bb fullwidth_field=\u00bbon\u00bb _builder_version=\u00bb4.16&#8243; global_colors_info=\u00bb{}\u00bb button_text_size__hover_enabled=\u00bboff\u00bb button_one_text_size__hover_enabled=\u00bboff\u00bb button_two_text_size__hover_enabled=\u00bboff\u00bb button_text_color__hover_enabled=\u00bboff\u00bb button_one_text_color__hover_enabled=\u00bboff\u00bb button_two_text_color__hover_enabled=\u00bboff\u00bb button_border_width__hover_enabled=\u00bboff\u00bb button_one_border_width__hover_enabled=\u00bboff\u00bb button_two_border_width__hover_enabled=\u00bboff\u00bb button_border_color__hover_enabled=\u00bboff\u00bb button_one_border_color__hover_enabled=\u00bboff\u00bb button_two_border_color__hover_enabled=\u00bboff\u00bb button_border_radius__hover_enabled=\u00bboff\u00bb button_one_border_radius__hover_enabled=\u00bboff\u00bb button_two_border_radius__hover_enabled=\u00bboff\u00bb button_letter_spacing__hover_enabled=\u00bboff\u00bb button_one_letter_spacing__hover_enabled=\u00bboff\u00bb button_two_letter_spacing__hover_enabled=\u00bboff\u00bb button_bg_color__hover_enabled=\u00bboff\u00bb button_one_bg_color__hover_enabled=\u00bboff\u00bb button_two_bg_color__hover_enabled=\u00bboff\u00bb][\/et_pb_contact_field][et_pb_contact_field field_id=\u00bbEmail\u00bb field_title=\u00bbDirecci\u00f3n de correo electr\u00f3nico\u00bb field_type=\u00bbemail\u00bb _builder_version=\u00bb4.16&#8243; global_colors_info=\u00bb{}\u00bb button_text_size__hover_enabled=\u00bboff\u00bb button_one_text_size__hover_enabled=\u00bboff\u00bb button_two_text_size__hover_enabled=\u00bboff\u00bb button_text_color__hover_enabled=\u00bboff\u00bb button_one_text_color__hover_enabled=\u00bboff\u00bb button_two_text_color__hover_enabled=\u00bboff\u00bb button_border_width__hover_enabled=\u00bboff\u00bb button_one_border_width__hover_enabled=\u00bboff\u00bb button_two_border_width__hover_enabled=\u00bboff\u00bb button_border_color__hover_enabled=\u00bboff\u00bb button_one_border_color__hover_enabled=\u00bboff\u00bb button_two_border_color__hover_enabled=\u00bboff\u00bb button_border_radius__hover_enabled=\u00bboff\u00bb button_one_border_radius__hover_enabled=\u00bboff\u00bb button_two_border_radius__hover_enabled=\u00bboff\u00bb button_letter_spacing__hover_enabled=\u00bboff\u00bb button_one_letter_spacing__hover_enabled=\u00bboff\u00bb button_two_letter_spacing__hover_enabled=\u00bboff\u00bb button_bg_color__hover_enabled=\u00bboff\u00bb button_one_bg_color__hover_enabled=\u00bboff\u00bb button_two_bg_color__hover_enabled=\u00bboff\u00bb][\/et_pb_contact_field][et_pb_contact_field field_id=\u00bbtelefono\u00bb field_title=\u00bbTel\u00e9fono\u00bb min_length=\u00bb9&#8243; max_length=\u00bb100&#8243; allowed_symbols=\u00bbnumbers\u00bb _builder_version=\u00bb4.16&#8243; global_colors_info=\u00bb{}\u00bb button_text_size__hover_enabled=\u00bboff\u00bb button_one_text_size__hover_enabled=\u00bboff\u00bb button_two_text_size__hover_enabled=\u00bboff\u00bb button_text_color__hover_enabled=\u00bboff\u00bb button_one_text_color__hover_enabled=\u00bboff\u00bb button_two_text_color__hover_enabled=\u00bboff\u00bb button_border_width__hover_enabled=\u00bboff\u00bb button_one_border_width__hover_enabled=\u00bboff\u00bb button_two_border_width__hover_enabled=\u00bboff\u00bb button_border_color__hover_enabled=\u00bboff\u00bb button_one_border_color__hover_enabled=\u00bboff\u00bb button_two_border_color__hover_enabled=\u00bboff\u00bb button_border_radius__hover_enabled=\u00bboff\u00bb button_one_border_radius__hover_enabled=\u00bboff\u00bb button_two_border_radius__hover_enabled=\u00bboff\u00bb button_letter_spacing__hover_enabled=\u00bboff\u00bb button_one_letter_spacing__hover_enabled=\u00bboff\u00bb button_two_letter_spacing__hover_enabled=\u00bboff\u00bb button_bg_color__hover_enabled=\u00bboff\u00bb button_one_bg_color__hover_enabled=\u00bboff\u00bb button_two_bg_color__hover_enabled=\u00bboff\u00bb][\/et_pb_contact_field][et_pb_contact_field field_id=\u00bbMessage\u00bb field_title=\u00bbMensaje\u00bb field_type=\u00bbtext\u00bb fullwidth_field=\u00bbon\u00bb _builder_version=\u00bb4.16&#8243; global_colors_info=\u00bb{}\u00bb button_text_size__hover_enabled=\u00bboff\u00bb button_one_text_size__hover_enabled=\u00bboff\u00bb button_two_text_size__hover_enabled=\u00bboff\u00bb button_text_color__hover_enabled=\u00bboff\u00bb button_one_text_color__hover_enabled=\u00bboff\u00bb button_two_text_color__hover_enabled=\u00bboff\u00bb button_border_width__hover_enabled=\u00bboff\u00bb button_one_border_width__hover_enabled=\u00bboff\u00bb button_two_border_width__hover_enabled=\u00bboff\u00bb button_border_color__hover_enabled=\u00bboff\u00bb button_one_border_color__hover_enabled=\u00bboff\u00bb button_two_border_color__hover_enabled=\u00bboff\u00bb button_border_radius__hover_enabled=\u00bboff\u00bb button_one_border_radius__hover_enabled=\u00bboff\u00bb button_two_border_radius__hover_enabled=\u00bboff\u00bb button_letter_spacing__hover_enabled=\u00bboff\u00bb button_one_letter_spacing__hover_enabled=\u00bboff\u00bb button_two_letter_spacing__hover_enabled=\u00bboff\u00bb button_bg_color__hover_enabled=\u00bboff\u00bb button_one_bg_color__hover_enabled=\u00bboff\u00bb button_two_bg_color__hover_enabled=\u00bboff\u00bb][\/et_pb_contact_field][et_pb_contact_field field_id=\u00bbinfocomercial\u00bb field_title=\u00bbInformaci\u00f3n Comercial\u00bb field_type=\u00bbcheckbox\u00bb checkbox_options=\u00bb%91{%22value%22:%22Acepto recibir informaci\u00f3n comercial, incluso por medios electr\u00f3nicos.%22,%22checked%22:0,%22dragID%22:-1}%93&#8243; required_mark=\u00bboff\u00bb fullwidth_field=\u00bbon\u00bb _builder_version=\u00bb4.19.0&#8243; _module_preset=\u00bbdefault\u00bb global_colors_info=\u00bb{}\u00bb][\/et_pb_contact_field][et_pb_contact_field field_id=\u00bbPrivacidad\u00bb field_title=\u00bbPol\u00edtica de privacidad\u00bb field_type=\u00bbcheckbox\u00bb checkbox_options=\u00bb%91{%22value%22:%22Aceptar la %22,%22checked%22:0,%22dragID%22:-1,%22link_text%22:%22Pol\u00edtica de privacidad%22,%22link_url%22:%22https:\/\/hipnocentro.com\/2020\/politica-de-privacidad\/%22}%93&#8243; fullwidth_field=\u00bbon\u00bb _builder_version=\u00bb4.19.0&#8243; custom_css_after=\u00bbcontent:%22INFORMACI\u00d3N PROTECCI\u00d3N DE DATOS DE HIPNOCENTRO. Finalidades: Contestar a sus solicitudes de informaci\u00f3n. Responder a sus solicitudes y remitirle informaci\u00f3n de nuestros servicios, incluso por correo electr\u00f3nico. Legitimaci\u00f3n: Consentimiento del interesado. Destinatarios: No est\u00e1n previstas cesiones de datos. Derechos: Puede retirar su consentimiento en cualquier momento, as\u00ed como acceder, rectificar, suprimir sus datos y dem\u00e1s derechos en info@hipnocentro.com. Informaci\u00f3n Adicional: Puede ampliar la informaci\u00f3n en el enlace de Pol\u00edtica de Privacidad.%22;||  font-size:.8em;\u00bb global_colors_info=\u00bb{}\u00bb][\/et_pb_contact_field][\/et_pb_contact_form][\/et_pb_column][\/et_pb_row][\/et_pb_section]<\/p>\n","protected":false},"excerpt":{"rendered":"<p>CONTACTO\u00a0+34 620 980 239 info@hipnocentro.comAtenci\u00f3n telef\u00f3nica: 10:00H a 16:00Hde L a V https:\/\/www.facebook.com\/HipnocentroEs &nbsp;<\/p>\n","protected":false},"author":6,"featured_media":1260,"parent":0,"menu_order":0,"comment_status":"closed","ping_status":"closed","template":"","meta":{"_et_pb_use_builder":"on","_et_pb_old_content":"<!-- wp:divi\/placeholder \/-->","_et_gb_content_width":"","footnotes":""},"yoast_head":"<!-- This site is optimized with the Yoast SEO plugin v20.6 - https:\/\/yoast.com\/wordpress\/plugins\/seo\/ -->\n<title>Contacto - HIPNOCENTRO - Hipnosis Dejar de Fumar y Adelgazar<\/title>\n<meta name=\"description\" content=\"Dejar de Fumar y Adelgazar con Hipnosis Profesional. Sesiones por toda Espa\u00f1a. Localiza tu centro de sesi\u00f3n. Reverso psicol\u00f3gico Hipnocentro\" \/>\n<meta name=\"robots\" content=\"index, follow, max-snippet:-1, max-image-preview:large, max-video-preview:-1\" \/>\n<link rel=\"canonical\" href=\"https:\/\/hipnocentro.com\/2020\/contacto\/\" \/>\n<meta property=\"og:locale\" content=\"es_ES\" \/>\n<meta property=\"og:type\" content=\"article\" \/>\n<meta property=\"og:title\" content=\"Contacto - HIPNOCENTRO - Hipnosis Dejar de Fumar y Adelgazar\" \/>\n<meta property=\"og:description\" content=\"Dejar de Fumar y Adelgazar con Hipnosis Profesional. Sesiones por toda Espa\u00f1a. Localiza tu centro de sesi\u00f3n. Reverso psicol\u00f3gico Hipnocentro\" \/>\n<meta property=\"og:url\" content=\"https:\/\/hipnocentro.com\/2020\/contacto\/\" \/>\n<meta property=\"og:site_name\" content=\"HIPNOCENTRO\" \/>\n<meta property=\"article:modified_time\" content=\"2026-03-18T11:36:47+00:00\" \/>\n<meta property=\"og:image\" content=\"https:\/\/hipnocentro.com\/2020\/wp-content\/uploads\/2020\/05\/dejarDeFumar_6.jpg\" \/>\n\t<meta property=\"og:image:width\" content=\"800\" \/>\n\t<meta property=\"og:image:height\" content=\"449\" \/>\n\t<meta property=\"og:image:type\" content=\"image\/jpeg\" \/>\n<meta name=\"twitter:card\" content=\"summary_large_image\" \/>\n<meta name=\"twitter:label1\" content=\"Tiempo de lectura\" \/>\n\t<meta name=\"twitter:data1\" content=\"2 minutos\" \/>\n<script type=\"application\/ld+json\" class=\"yoast-schema-graph\">{\"@context\":\"https:\/\/schema.org\",\"@graph\":[{\"@type\":\"WebPage\",\"@id\":\"https:\/\/hipnocentro.com\/2020\/contacto\/\",\"url\":\"https:\/\/hipnocentro.com\/2020\/contacto\/\",\"name\":\"Contacto - HIPNOCENTRO - Hipnosis Dejar de Fumar y Adelgazar\",\"isPartOf\":{\"@id\":\"https:\/\/hipnocentro.com\/2020\/#website\"},\"datePublished\":\"2020-02-06T10:57:49+00:00\",\"dateModified\":\"2026-03-18T11:36:47+00:00\",\"description\":\"Dejar de Fumar y Adelgazar con Hipnosis Profesional. Sesiones por toda Espa\u00f1a. Localiza tu centro de sesi\u00f3n. Reverso psicol\u00f3gico Hipnocentro\",\"breadcrumb\":{\"@id\":\"https:\/\/hipnocentro.com\/2020\/contacto\/#breadcrumb\"},\"inLanguage\":\"es\",\"potentialAction\":[{\"@type\":\"ReadAction\",\"target\":[\"https:\/\/hipnocentro.com\/2020\/contacto\/\"]}]},{\"@type\":\"BreadcrumbList\",\"@id\":\"https:\/\/hipnocentro.com\/2020\/contacto\/#breadcrumb\",\"itemListElement\":[{\"@type\":\"ListItem\",\"position\":1,\"name\":\"Portada\",\"item\":\"https:\/\/hipnocentro.com\/2020\/\"},{\"@type\":\"ListItem\",\"position\":2,\"name\":\"Contacto\"}]},{\"@type\":\"WebSite\",\"@id\":\"https:\/\/hipnocentro.com\/2020\/#website\",\"url\":\"https:\/\/hipnocentro.com\/2020\/\",\"name\":\"HIPNOCENTRO\",\"description\":\"Centro de Hipn&oacute;sis Profesional y An&aacute;lisis Transaccional\",\"publisher\":{\"@id\":\"https:\/\/hipnocentro.com\/2020\/#organization\"},\"potentialAction\":[{\"@type\":\"SearchAction\",\"target\":{\"@type\":\"EntryPoint\",\"urlTemplate\":\"https:\/\/hipnocentro.com\/2020\/?s={search_term_string}\"},\"query-input\":\"required name=search_term_string\"}],\"inLanguage\":\"es\"},{\"@type\":\"Organization\",\"@id\":\"https:\/\/hipnocentro.com\/2020\/#organization\",\"name\":\"HIPNOCENTRO\",\"url\":\"https:\/\/hipnocentro.com\/2020\/\",\"logo\":{\"@type\":\"ImageObject\",\"inLanguage\":\"es\",\"@id\":\"https:\/\/hipnocentro.com\/2020\/#\/schema\/logo\/image\/\",\"url\":\"https:\/\/hipnocentro.com\/2020\/wp-content\/uploads\/2022\/10\/Logo-corto-Hipnocentro.jpg\",\"contentUrl\":\"https:\/\/hipnocentro.com\/2020\/wp-content\/uploads\/2022\/10\/Logo-corto-Hipnocentro.jpg\",\"width\":856,\"height\":192,\"caption\":\"HIPNOCENTRO\"},\"image\":{\"@id\":\"https:\/\/hipnocentro.com\/2020\/#\/schema\/logo\/image\/\"}}]}<\/script>\n<!-- \/ Yoast SEO plugin. -->","yoast_head_json":{"title":"Contacto - HIPNOCENTRO - Hipnosis Dejar de Fumar y Adelgazar","description":"Dejar de Fumar y Adelgazar con Hipnosis Profesional. Sesiones por toda Espa\u00f1a. Localiza tu centro de sesi\u00f3n. Reverso psicol\u00f3gico Hipnocentro","robots":{"index":"index","follow":"follow","max-snippet":"max-snippet:-1","max-image-preview":"max-image-preview:large","max-video-preview":"max-video-preview:-1"},"canonical":"https:\/\/hipnocentro.com\/2020\/contacto\/","og_locale":"es_ES","og_type":"article","og_title":"Contacto - HIPNOCENTRO - Hipnosis Dejar de Fumar y Adelgazar","og_description":"Dejar de Fumar y Adelgazar con Hipnosis Profesional. Sesiones por toda Espa\u00f1a. Localiza tu centro de sesi\u00f3n. Reverso psicol\u00f3gico Hipnocentro","og_url":"https:\/\/hipnocentro.com\/2020\/contacto\/","og_site_name":"HIPNOCENTRO","article_modified_time":"2026-03-18T11:36:47+00:00","og_image":[{"width":800,"height":449,"url":"https:\/\/hipnocentro.com\/2020\/wp-content\/uploads\/2020\/05\/dejarDeFumar_6.jpg","type":"image\/jpeg"}],"twitter_card":"summary_large_image","twitter_misc":{"Tiempo de lectura":"2 minutos"},"schema":{"@context":"https:\/\/schema.org","@graph":[{"@type":"WebPage","@id":"https:\/\/hipnocentro.com\/2020\/contacto\/","url":"https:\/\/hipnocentro.com\/2020\/contacto\/","name":"Contacto - HIPNOCENTRO - Hipnosis Dejar de Fumar y Adelgazar","isPartOf":{"@id":"https:\/\/hipnocentro.com\/2020\/#website"},"datePublished":"2020-02-06T10:57:49+00:00","dateModified":"2026-03-18T11:36:47+00:00","description":"Dejar de Fumar y Adelgazar con Hipnosis Profesional. Sesiones por toda Espa\u00f1a. Localiza tu centro de sesi\u00f3n. Reverso psicol\u00f3gico Hipnocentro","breadcrumb":{"@id":"https:\/\/hipnocentro.com\/2020\/contacto\/#breadcrumb"},"inLanguage":"es","potentialAction":[{"@type":"ReadAction","target":["https:\/\/hipnocentro.com\/2020\/contacto\/"]}]},{"@type":"BreadcrumbList","@id":"https:\/\/hipnocentro.com\/2020\/contacto\/#breadcrumb","itemListElement":[{"@type":"ListItem","position":1,"name":"Portada","item":"https:\/\/hipnocentro.com\/2020\/"},{"@type":"ListItem","position":2,"name":"Contacto"}]},{"@type":"WebSite","@id":"https:\/\/hipnocentro.com\/2020\/#website","url":"https:\/\/hipnocentro.com\/2020\/","name":"HIPNOCENTRO","description":"Centro de Hipn&oacute;sis Profesional y An&aacute;lisis Transaccional","publisher":{"@id":"https:\/\/hipnocentro.com\/2020\/#organization"},"potentialAction":[{"@type":"SearchAction","target":{"@type":"EntryPoint","urlTemplate":"https:\/\/hipnocentro.com\/2020\/?s={search_term_string}"},"query-input":"required name=search_term_string"}],"inLanguage":"es"},{"@type":"Organization","@id":"https:\/\/hipnocentro.com\/2020\/#organization","name":"HIPNOCENTRO","url":"https:\/\/hipnocentro.com\/2020\/","logo":{"@type":"ImageObject","inLanguage":"es","@id":"https:\/\/hipnocentro.com\/2020\/#\/schema\/logo\/image\/","url":"https:\/\/hipnocentro.com\/2020\/wp-content\/uploads\/2022\/10\/Logo-corto-Hipnocentro.jpg","contentUrl":"https:\/\/hipnocentro.com\/2020\/wp-content\/uploads\/2022\/10\/Logo-corto-Hipnocentro.jpg","width":856,"height":192,"caption":"HIPNOCENTRO"},"image":{"@id":"https:\/\/hipnocentro.com\/2020\/#\/schema\/logo\/image\/"}}]}},"_links":{"self":[{"href":"https:\/\/hipnocentro.com\/2020\/wp-json\/wp\/v2\/pages\/24"}],"collection":[{"href":"https:\/\/hipnocentro.com\/2020\/wp-json\/wp\/v2\/pages"}],"about":[{"href":"https:\/\/hipnocentro.com\/2020\/wp-json\/wp\/v2\/types\/page"}],"author":[{"embeddable":true,"href":"https:\/\/hipnocentro.com\/2020\/wp-json\/wp\/v2\/users\/6"}],"replies":[{"embeddable":true,"href":"https:\/\/hipnocentro.com\/2020\/wp-json\/wp\/v2\/comments?post=24"}],"version-history":[{"count":49,"href":"https:\/\/hipnocentro.com\/2020\/wp-json\/wp\/v2\/pages\/24\/revisions"}],"predecessor-version":[{"id":1461,"href":"https:\/\/hipnocentro.com\/2020\/wp-json\/wp\/v2\/pages\/24\/revisions\/1461"}],"wp:featuredmedia":[{"embeddable":true,"href":"https:\/\/hipnocentro.com\/2020\/wp-json\/wp\/v2\/media\/1260"}],"wp:attachment":[{"href":"https:\/\/hipnocentro.com\/2020\/wp-json\/wp\/v2\/media?parent=24"}],"curies":[{"name":"wp","href":"https:\/\/api.w.org\/{rel}","templated":true}]}}