{"id":318,"date":"2020-04-19T09:50:44","date_gmt":"2020-04-19T09:50:44","guid":{"rendered":"https:\/\/www.hipnocentro.com\/?page_id=318"},"modified":"2020-05-20T10:41:17","modified_gmt":"2020-05-20T10:41:17","slug":"adelgazar-con-hipnosis-y-banda-gastrica-integrativa","status":"publish","type":"page","link":"https:\/\/hipnocentro.com\/2020\/adelgazar-con-hipnosis-y-banda-gastrica-integrativa\/","title":{"rendered":"Adelgazar con hipnosis y Banda G\u00e1strica Integrativa\u00ae"},"content":{"rendered":"<p>[et_pb_section fb_built=\u00bb1&#8243; _builder_version=\u00bb4.4.5&#8243; hover_enabled=\u00bb0&#8243; animation_style=\u00bbfade\u00bb][et_pb_row column_structure=\u00bb3_4,1_4&#8243; _builder_version=\u00bb4.3.1&#8243;][et_pb_column type=\u00bb3_4&#8243; _builder_version=\u00bb4.3.1&#8243;][et_pb_text _builder_version=\u00bb4.4.3&#8243; custom_padding=\u00bb|0px||0px|false|true\u00bb custom_padding_tablet=\u00bb|0px||0px|false|true\u00bb custom_padding_phone=\u00bb|0px||0px|false|true\u00bb custom_padding_last_edited=\u00bbon|desktop\u00bb]<\/p>\n<h3>ADELGAZAR CON HIPNOSIS Y BANDA G\u00c1STRICA INTEGRATIVA\u00ae<\/h3>\n<p>[\/et_pb_text][et_pb_text _builder_version=\u00bb4.4.3&#8243;]<\/p>\n<p><img loading=\"lazy\" decoding=\"async\" src=\"https:\/\/hipnocentro.com\/2020\/wp-content\/uploads\/2020\/04\/banda-ancha-integrativa.png\" width=\"291\" height=\"233\" alt=\"\" class=\"wp-image-321 alignnone size-full\" style=\"margin-left: 10px; float: right;\" \/><\/p>\n<p style=\"text-align: left;\">Este programa emplea una BANDA G\u00c1STRICA INTEGRATIVA\u00ae y otras t\u00e9cnicas de manejo mental, y definitivamente NO es una dieta. Permite a los clientes formar nuevos h\u00e1bitos que pueden mantener; no hay privaci\u00f3n y, por lo tanto, los clientes se liberan de tener que pensar en la comida todo el tiempo; comen conscientemente y pueden escuchar lo que les dicen sus est\u00f3magos.<\/p>\n<p style=\"text-align: left;\">Este programa de Banda G\u00e1strica Integrativa\u00ae se lleva a cabo durante un per\u00edodo de cuatro semanas.<\/p>\n<p style=\"text-align: left;\">El Programa incluye una sesi\u00f3n de 2 horas en formato virtual en directo, debido al COVID-19 y los audios de soporte que podr\u00e1 descargar, que se le pide que escuche cada d\u00eda en casa cuando usted quiera, y que reforzar\u00e1 los nuevos mensajes que provocar\u00e1n el cambio permanente en su comportamiento alimentario.<\/p>\n<h5 style=\"text-align: left;\">Sesi\u00f3n 1<\/h5>\n<p style=\"text-align: left;\">Introducci\u00f3n de la Banda G\u00e1strica Virtual a trav\u00e9s de la hipnosis, donde el paciente experimentar\u00e1 que se ha colocado una banda en la parte superior del est\u00f3mago, que dificulta el paso de los alimentos. Haciendo que la <a href=\"https:\/\/es.wikipedia.org\/wiki\/Leptina\">leptina<\/a> informe al cerebro de que se encuentra lleno.<\/p>\n<h5 style=\"text-align: left;\">Las sesiones 2 y 3<\/h5>\n<p style=\"text-align: left;\">De una hora de Hipnosis incluidas en este programa est\u00e1n dise\u00f1adas para lograr un cambio permanente en los h\u00e1bitos alimenticios y centrarse en la persona que quiere ser.<\/p>\n<p style=\"text-align: left;\">Esta no es una soluci\u00f3n a corto plazo y no se pasa hambre. Crear nuevos h\u00e1bitos, para llegar a donde quieras llegar y permitirte permanecer all\u00ed, generalmente llevar\u00e1 28 d\u00edas.<\/p>\n<p style=\"text-align: left;\">El resultado es una p\u00e9rdida de peso constante y progresiva, sin dietas o apoyando la dieta que tu nutricionista recomiende.<\/p>\n<p>[\/et_pb_text][\/et_pb_column][et_pb_column type=\u00bb1_4&#8243; _builder_version=\u00bb4.3.1&#8243;][et_pb_button button_text=\u00bbReservas\u00bb _builder_version=\u00bb4.4.5&#8243; button_alignment=\u00bbleft\u00bb custom_button=\u00bbon\u00bb button_text_size=\u00bb34px\u00bb button_bg_color=\u00bb#5d5ba0&#8243; button_bg_enable_color=\u00bbon\u00bb button_text_color=\u00bb#fab865&#8243; button_url=\u00bbhttps:\/\/www.hipnocentro.com\/#reservas\u00bb hover_enabled=\u00bb0&#8243; locked=\u00bboff\u00bb button_text_size_last_edited=\u00bbon|phone\u00bb button_text_size_phone=\u00bb62px\u00bb button_text_size_tablet=\u00bb99px\u00bb][\/et_pb_button][et_pb_sidebar area=\u00bbsidebar-6&#8243; _builder_version=\u00bb4.3.1&#8243;][\/et_pb_sidebar][\/et_pb_column][\/et_pb_row][\/et_pb_section]<\/p>\n","protected":false},"excerpt":{"rendered":"<p>ADELGAZAR CON HIPNOSIS Y BANDA G\u00c1STRICA INTEGRATIVA\u00ae Este programa emplea una BANDA G\u00c1STRICA INTEGRATIVA\u00ae y otras t\u00e9cnicas de manejo mental, y definitivamente NO es una dieta. Permite a los clientes formar nuevos h\u00e1bitos que pueden mantener; no hay privaci\u00f3n y, por lo tanto, los clientes se liberan de tener que pensar en la comida todo [&hellip;]<\/p>\n","protected":false},"author":6,"featured_media":0,"parent":0,"menu_order":0,"comment_status":"closed","ping_status":"closed","template":"","meta":{"_et_pb_use_builder":"on","_et_pb_old_content":"<!-- wp:divi\/placeholder \/-->","_et_gb_content_width":"","footnotes":""},"yoast_head":"<!-- This site is optimized with the Yoast SEO plugin v20.6 - https:\/\/yoast.com\/wordpress\/plugins\/seo\/ -->\n<title>Adelgazar con hipnosis y Banda G\u00e1strica Integrativa\u00ae - HIPNOCENTRO<\/title>\n<meta name=\"robots\" content=\"index, follow, max-snippet:-1, max-image-preview:large, max-video-preview:-1\" \/>\n<link rel=\"canonical\" href=\"https:\/\/hipnocentro.com\/2020\/adelgazar-con-hipnosis-y-banda-gastrica-integrativa\/\" \/>\n<meta property=\"og:locale\" content=\"es_ES\" \/>\n<meta property=\"og:type\" content=\"article\" \/>\n<meta property=\"og:title\" content=\"Adelgazar con hipnosis y Banda G\u00e1strica Integrativa\u00ae - HIPNOCENTRO\" \/>\n<meta property=\"og:description\" content=\"ADELGAZAR CON HIPNOSIS Y BANDA G\u00c1STRICA INTEGRATIVA\u00ae Este programa emplea una BANDA G\u00c1STRICA INTEGRATIVA\u00ae y otras t\u00e9cnicas de manejo mental, y definitivamente NO es una dieta. Permite a los clientes formar nuevos h\u00e1bitos que pueden mantener; no hay privaci\u00f3n y, por lo tanto, los clientes se liberan de tener que pensar en la comida todo [&hellip;]\" \/>\n<meta property=\"og:url\" content=\"https:\/\/hipnocentro.com\/2020\/adelgazar-con-hipnosis-y-banda-gastrica-integrativa\/\" \/>\n<meta property=\"og:site_name\" content=\"HIPNOCENTRO\" \/>\n<meta property=\"article:modified_time\" content=\"2020-05-20T10:41:17+00:00\" \/>\n<meta property=\"og:image\" content=\"https:\/\/hipnocentro.com\/2020\/wp-content\/uploads\/2020\/04\/banda-ancha-integrativa.png\" \/>\n<meta name=\"twitter:card\" content=\"summary_large_image\" \/>\n<meta name=\"twitter:label1\" content=\"Tiempo de lectura\" \/>\n\t<meta name=\"twitter:data1\" content=\"2 minutos\" \/>\n<script type=\"application\/ld+json\" class=\"yoast-schema-graph\">{\"@context\":\"https:\/\/schema.org\",\"@graph\":[{\"@type\":\"WebPage\",\"@id\":\"https:\/\/hipnocentro.com\/2020\/adelgazar-con-hipnosis-y-banda-gastrica-integrativa\/\",\"url\":\"https:\/\/hipnocentro.com\/2020\/adelgazar-con-hipnosis-y-banda-gastrica-integrativa\/\",\"name\":\"Adelgazar con hipnosis y Banda G\u00e1strica Integrativa\u00ae - HIPNOCENTRO\",\"isPartOf\":{\"@id\":\"https:\/\/hipnocentro.com\/2020\/#website\"},\"datePublished\":\"2020-04-19T09:50:44+00:00\",\"dateModified\":\"2020-05-20T10:41:17+00:00\",\"breadcrumb\":{\"@id\":\"https:\/\/hipnocentro.com\/2020\/adelgazar-con-hipnosis-y-banda-gastrica-integrativa\/#breadcrumb\"},\"inLanguage\":\"es\",\"potentialAction\":[{\"@type\":\"ReadAction\",\"target\":[\"https:\/\/hipnocentro.com\/2020\/adelgazar-con-hipnosis-y-banda-gastrica-integrativa\/\"]}]},{\"@type\":\"BreadcrumbList\",\"@id\":\"https:\/\/hipnocentro.com\/2020\/adelgazar-con-hipnosis-y-banda-gastrica-integrativa\/#breadcrumb\",\"itemListElement\":[{\"@type\":\"ListItem\",\"position\":1,\"name\":\"Portada\",\"item\":\"https:\/\/hipnocentro.com\/2020\/\"},{\"@type\":\"ListItem\",\"position\":2,\"name\":\"Adelgazar con hipnosis y Banda G\u00e1strica Integrativa\u00ae\"}]},{\"@type\":\"WebSite\",\"@id\":\"https:\/\/hipnocentro.com\/2020\/#website\",\"url\":\"https:\/\/hipnocentro.com\/2020\/\",\"name\":\"HIPNOCENTRO\",\"description\":\"Centro de Hipn&oacute;sis Profesional y An&aacute;lisis Transaccional\",\"publisher\":{\"@id\":\"https:\/\/hipnocentro.com\/2020\/#organization\"},\"potentialAction\":[{\"@type\":\"SearchAction\",\"target\":{\"@type\":\"EntryPoint\",\"urlTemplate\":\"https:\/\/hipnocentro.com\/2020\/?s={search_term_string}\"},\"query-input\":\"required name=search_term_string\"}],\"inLanguage\":\"es\"},{\"@type\":\"Organization\",\"@id\":\"https:\/\/hipnocentro.com\/2020\/#organization\",\"name\":\"HIPNOCENTRO\",\"url\":\"https:\/\/hipnocentro.com\/2020\/\",\"logo\":{\"@type\":\"ImageObject\",\"inLanguage\":\"es\",\"@id\":\"https:\/\/hipnocentro.com\/2020\/#\/schema\/logo\/image\/\",\"url\":\"https:\/\/hipnocentro.com\/2020\/wp-content\/uploads\/2022\/10\/Logo-corto-Hipnocentro.jpg\",\"contentUrl\":\"https:\/\/hipnocentro.com\/2020\/wp-content\/uploads\/2022\/10\/Logo-corto-Hipnocentro.jpg\",\"width\":856,\"height\":192,\"caption\":\"HIPNOCENTRO\"},\"image\":{\"@id\":\"https:\/\/hipnocentro.com\/2020\/#\/schema\/logo\/image\/\"}}]}<\/script>\n<!-- \/ Yoast SEO plugin. -->","yoast_head_json":{"title":"Adelgazar con hipnosis y Banda G\u00e1strica Integrativa\u00ae - HIPNOCENTRO","robots":{"index":"index","follow":"follow","max-snippet":"max-snippet:-1","max-image-preview":"max-image-preview:large","max-video-preview":"max-video-preview:-1"},"canonical":"https:\/\/hipnocentro.com\/2020\/adelgazar-con-hipnosis-y-banda-gastrica-integrativa\/","og_locale":"es_ES","og_type":"article","og_title":"Adelgazar con hipnosis y Banda G\u00e1strica Integrativa\u00ae - HIPNOCENTRO","og_description":"ADELGAZAR CON HIPNOSIS Y BANDA G\u00c1STRICA INTEGRATIVA\u00ae Este programa emplea una BANDA G\u00c1STRICA INTEGRATIVA\u00ae y otras t\u00e9cnicas de manejo mental, y definitivamente NO es una dieta. Permite a los clientes formar nuevos h\u00e1bitos que pueden mantener; no hay privaci\u00f3n y, por lo tanto, los clientes se liberan de tener que pensar en la comida todo [&hellip;]","og_url":"https:\/\/hipnocentro.com\/2020\/adelgazar-con-hipnosis-y-banda-gastrica-integrativa\/","og_site_name":"HIPNOCENTRO","article_modified_time":"2020-05-20T10:41:17+00:00","og_image":[{"url":"https:\/\/hipnocentro.com\/2020\/wp-content\/uploads\/2020\/04\/banda-ancha-integrativa.png"}],"twitter_card":"summary_large_image","twitter_misc":{"Tiempo de lectura":"2 minutos"},"schema":{"@context":"https:\/\/schema.org","@graph":[{"@type":"WebPage","@id":"https:\/\/hipnocentro.com\/2020\/adelgazar-con-hipnosis-y-banda-gastrica-integrativa\/","url":"https:\/\/hipnocentro.com\/2020\/adelgazar-con-hipnosis-y-banda-gastrica-integrativa\/","name":"Adelgazar con hipnosis y Banda G\u00e1strica Integrativa\u00ae - HIPNOCENTRO","isPartOf":{"@id":"https:\/\/hipnocentro.com\/2020\/#website"},"datePublished":"2020-04-19T09:50:44+00:00","dateModified":"2020-05-20T10:41:17+00:00","breadcrumb":{"@id":"https:\/\/hipnocentro.com\/2020\/adelgazar-con-hipnosis-y-banda-gastrica-integrativa\/#breadcrumb"},"inLanguage":"es","potentialAction":[{"@type":"ReadAction","target":["https:\/\/hipnocentro.com\/2020\/adelgazar-con-hipnosis-y-banda-gastrica-integrativa\/"]}]},{"@type":"BreadcrumbList","@id":"https:\/\/hipnocentro.com\/2020\/adelgazar-con-hipnosis-y-banda-gastrica-integrativa\/#breadcrumb","itemListElement":[{"@type":"ListItem","position":1,"name":"Portada","item":"https:\/\/hipnocentro.com\/2020\/"},{"@type":"ListItem","position":2,"name":"Adelgazar con hipnosis y Banda G\u00e1strica Integrativa\u00ae"}]},{"@type":"WebSite","@id":"https:\/\/hipnocentro.com\/2020\/#website","url":"https:\/\/hipnocentro.com\/2020\/","name":"HIPNOCENTRO","description":"Centro de Hipn&oacute;sis Profesional y An&aacute;lisis Transaccional","publisher":{"@id":"https:\/\/hipnocentro.com\/2020\/#organization"},"potentialAction":[{"@type":"SearchAction","target":{"@type":"EntryPoint","urlTemplate":"https:\/\/hipnocentro.com\/2020\/?s={search_term_string}"},"query-input":"required name=search_term_string"}],"inLanguage":"es"},{"@type":"Organization","@id":"https:\/\/hipnocentro.com\/2020\/#organization","name":"HIPNOCENTRO","url":"https:\/\/hipnocentro.com\/2020\/","logo":{"@type":"ImageObject","inLanguage":"es","@id":"https:\/\/hipnocentro.com\/2020\/#\/schema\/logo\/image\/","url":"https:\/\/hipnocentro.com\/2020\/wp-content\/uploads\/2022\/10\/Logo-corto-Hipnocentro.jpg","contentUrl":"https:\/\/hipnocentro.com\/2020\/wp-content\/uploads\/2022\/10\/Logo-corto-Hipnocentro.jpg","width":856,"height":192,"caption":"HIPNOCENTRO"},"image":{"@id":"https:\/\/hipnocentro.com\/2020\/#\/schema\/logo\/image\/"}}]}},"_links":{"self":[{"href":"https:\/\/hipnocentro.com\/2020\/wp-json\/wp\/v2\/pages\/318"}],"collection":[{"href":"https:\/\/hipnocentro.com\/2020\/wp-json\/wp\/v2\/pages"}],"about":[{"href":"https:\/\/hipnocentro.com\/2020\/wp-json\/wp\/v2\/types\/page"}],"author":[{"embeddable":true,"href":"https:\/\/hipnocentro.com\/2020\/wp-json\/wp\/v2\/users\/6"}],"replies":[{"embeddable":true,"href":"https:\/\/hipnocentro.com\/2020\/wp-json\/wp\/v2\/comments?post=318"}],"version-history":[{"count":8,"href":"https:\/\/hipnocentro.com\/2020\/wp-json\/wp\/v2\/pages\/318\/revisions"}],"predecessor-version":[{"id":697,"href":"https:\/\/hipnocentro.com\/2020\/wp-json\/wp\/v2\/pages\/318\/revisions\/697"}],"wp:attachment":[{"href":"https:\/\/hipnocentro.com\/2020\/wp-json\/wp\/v2\/media?parent=318"}],"curies":[{"name":"wp","href":"https:\/\/api.w.org\/{rel}","templated":true}]}}