{"id":349,"date":"2020-04-19T11:35:47","date_gmt":"2020-04-19T11:35:47","guid":{"rendered":"https:\/\/www.hipnocentro.com\/?page_id=349"},"modified":"2020-05-20T10:42:06","modified_gmt":"2020-05-20T10:42:06","slug":"preguntas-frecuentes-de-banda-gastrica-integrativa","status":"publish","type":"page","link":"https:\/\/hipnocentro.com\/2020\/preguntas-frecuentes-de-banda-gastrica-integrativa\/","title":{"rendered":"Preguntas frecuentes de Banda Gastrica Integrativa\u00ae"},"content":{"rendered":"<p>[et_pb_section fb_built=\u00bb1&#8243; _builder_version=\u00bb4.4.5&#8243; hover_enabled=\u00bb0&#8243; animation_style=\u00bbfade\u00bb][et_pb_row column_structure=\u00bb3_4,1_4&#8243; _builder_version=\u00bb4.3.1&#8243;][et_pb_column type=\u00bb3_4&#8243; _builder_version=\u00bb4.3.1&#8243;][et_pb_text _builder_version=\u00bb4.4.3&#8243; custom_padding=\u00bb|0px||0px|false|true\u00bb custom_padding_tablet=\u00bb|0px||0px|false|true\u00bb custom_padding_phone=\u00bb|0px||0px|false|true\u00bb custom_padding_last_edited=\u00bbon|desktop\u00bb]<\/p>\n<h3>PREGUNTAS FRECUENTES DE BANDA GASTRICA INTEGRATIVA\u00ae<\/h3>\n<p>[\/et_pb_text][et_pb_text _builder_version=\u00bb4.4.3&#8243; header_5_text_color=\u00bb#5d5ba0&#8243; header_6_font=\u00bb||on||||||\u00bb header_6_text_color=\u00bb#ff9818&#8243; custom_padding=\u00bb|20px|||false|false\u00bb custom_padding_tablet=\u00bb|0px|||false|false\u00bb custom_padding_phone=\u00bb|0px|||false|false\u00bb custom_padding_last_edited=\u00bbon|desktop\u00bb]<\/p>\n<h5>DURANTE LA HIPNOSIS \u00bfSE EST\u00c1 DESPIERTO O DORMIDO?<\/h5>\n<p style=\"text-align: left; margin-left: 20px;\">Se est\u00e1 completamente despierto, no se pierde la conciencia en ning\u00fan momento. Con la hipnosis se alcanza un estado de una concentraci\u00f3n y relajaci\u00f3n profunda, pero se recordar\u00e1 con claridad y sin esfuerzo todo lo que ocurra durante ese tiempo.<\/p>\n<p>[\/et_pb_text][et_pb_text _builder_version=\u00bb4.4.3&#8243; header_5_text_color=\u00bb#5d5ba0&#8243; header_6_font=\u00bb||on||||||\u00bb header_6_text_color=\u00bb#ff9818&#8243; custom_padding=\u00bb|20px|||false|false\u00bb custom_padding_tablet=\u00bb|0px|||false|false\u00bb custom_padding_phone=\u00bb|0px|||false|false\u00bb custom_padding_last_edited=\u00bbon|desktop\u00bb]<\/p>\n<h5>\u00bfTODO EL MUNDO PUEDE RECURRIR A LA HIPNOTIZACI\u00d3N?<\/h5>\n<p style=\"text-align: left; margin-left: 20px;\">No, las personas con patolog\u00edas como epilepsia, patolog\u00edas psiqui\u00e1tricas como psicosis o tomen medicamentos antipsic\u00f3ticos o fueron operadas recientemente no pueden participar. Si usted se encuentra en tratamiento m\u00e9dico o psicol\u00f3gico es mejor consultar con el terapeuta antes de asistir.<\/p>\n<p>[\/et_pb_text][et_pb_text _builder_version=\u00bb4.4.3&#8243; header_5_text_color=\u00bb#5d5ba0&#8243; header_6_font=\u00bb||on||||||\u00bb header_6_text_color=\u00bb#ff9818&#8243; custom_padding=\u00bb|20px|||false|false\u00bb custom_padding_tablet=\u00bb|0px|||false|false\u00bb custom_padding_phone=\u00bb|0px|||false|false\u00bb custom_padding_last_edited=\u00bbon|desktop\u00bb]<\/p>\n<h5>\u00bfSUPONE ALG\u00daN PELIGRO LA HIPNOSIS?<\/h5>\n<p style=\"text-align: left; margin-left: 20px;\">De ninguna clase. Es un recurso totalmente inofensivo para la salud que no supone efectos secundarios, ni riesgo alguno.<\/p>\n<p>[\/et_pb_text][et_pb_text _builder_version=\u00bb4.4.3&#8243; header_5_text_color=\u00bb#5d5ba0&#8243; header_6_font=\u00bb||on||||||\u00bb header_6_text_color=\u00bb#ff9818&#8243; custom_padding=\u00bb|20px|||false|false\u00bb custom_padding_tablet=\u00bb|0px|||false|false\u00bb custom_padding_phone=\u00bb|0px|||false|false\u00bb custom_padding_last_edited=\u00bbon|desktop\u00bb]<\/p>\n<h5>HE INTENTADO VARIAS VECES BAJAR DE PESO PERO SIN \u00c9XITO, \u00bfPUEDO LOGRARLO CON HIPNOSIS?<\/h5>\n<p style=\"text-align: left; margin-left: 20px;\">Por supuesto que s\u00ed. Adem\u00e1s, podr\u00e1s darte cuenta por ti mismo de la eficacia de la hipnosis cuando compares sus resultados con lo de tus anteriores intentos. Ver\u00e1 como su cuerpo y su estado de \u00e1nimo son diferentes, con la hipnosis se eliminar\u00e1 la sensaci\u00f3n de ansiedad, la molesta tensi\u00f3n muscular que se provoca ya no ser\u00e1 una carga. Su fuerza de voluntad ser\u00e1 mucho m\u00e1s f\u00e9rrea y se sentir\u00e1 muy seguro con usted mismo.<\/p>\n<p>[\/et_pb_text][et_pb_text _builder_version=\u00bb4.4.3&#8243; header_5_text_color=\u00bb#5d5ba0&#8243; header_6_font=\u00bb||on||||||\u00bb header_6_text_color=\u00bb#ff9818&#8243; custom_padding=\u00bb|20px|||false|false\u00bb custom_padding_tablet=\u00bb|0px|||false|false\u00bb custom_padding_phone=\u00bb|0px|||false|false\u00bb custom_padding_last_edited=\u00bbon|desktop\u00bb]<\/p>\n<h5>DESPU\u00c9S DE LA HIPNOSIS, \u00bfTENGO QUE HACER DIETA?<\/h5>\n<p style=\"text-align: left; margin-left: 20px;\">Mediante la hipnosis, reducir\u00e1 de manera considerable los niveles de ansiedad que le llevan a comer compulsivamente. Su capacidad de autocontrol se ver\u00e1 reforzada, por lo que no supondr\u00e1 para usted un inconveniente mantener una alimentaci\u00f3n saludable y equilibrada.<\/p>\n<p>[\/et_pb_text][et_pb_text _builder_version=\u00bb4.4.3&#8243; custom_padding=\u00bb|0px||0px|false|true\u00bb custom_padding_tablet=\u00bb|0px||0px|false|true\u00bb custom_padding_phone=\u00bb|0px||0px|false|true\u00bb custom_padding_last_edited=\u00bbon|desktop\u00bb]<\/p>\n<h3>VENTAJAS DE NUESTRO M\u00c9TODO<\/h3>\n<p>[\/et_pb_text][et_pb_text _builder_version=\u00bb4.4.3&#8243; header_5_text_color=\u00bb#5d5ba0&#8243; header_6_font=\u00bb||on||||||\u00bb header_6_text_color=\u00bb#ff9818&#8243; custom_padding=\u00bb|20px|||false|false\u00bb custom_padding_tablet=\u00bb|0px|||false|false\u00bb custom_padding_phone=\u00bb|0px|||false|false\u00bb custom_padding_last_edited=\u00bbon|desktop\u00bb]<\/p>\n<h5>TE AYUDAREMOS A<\/h5>\n<p style=\"text-align: left; margin-left: 20px;\">\u2022 Acabar con el deseo de comer compulsivamente.<br \/>\n\u2022 Tu fuerza de voluntad ser\u00e1 mucho mayor.<br \/>\n\u2022 Sin sacrificios, no perder\u00e1s el entusiasmo.<br \/>\n\u2022 Mantendr\u00e1s a raya la ansiedad producida por la comida.<br \/>\n\u2022 Tu autoestima ser\u00e1 mayor.<br \/>\n\u2022 Desaparece el sentimiento de culpa vinculado al peso.<br \/>\n\u2022 Siempre tendr\u00e1s claros tus objetivos, te dar\u00e1n fuerza.<br \/>\nPor todo ello, tus expectativas de \u00e9xito mejorar\u00e1n mucho.\n<\/p>\n<p>[\/et_pb_text][et_pb_text _builder_version=\u00bb4.4.3&#8243; header_5_text_color=\u00bb#5d5ba0&#8243; header_6_font=\u00bb||on||||||\u00bb header_6_text_color=\u00bb#ff9818&#8243; custom_padding=\u00bb|20px|||false|false\u00bb custom_padding_tablet=\u00bb|0px|||false|false\u00bb custom_padding_phone=\u00bb|0px|||false|false\u00bb custom_padding_last_edited=\u00bbon|desktop\u00bb]<\/p>\n<h5>NUESTRO M\u00c9TODO ES<\/h5>\n<p style=\"text-align: left; margin-left: 20px;\">\u2022 Disponible para cualquier persona, sin importar su edad ni condici\u00f3n f\u00edsica.<br \/>\n\u2022 La hipnosis no supone peligro alguno. Aun as\u00ed, tiene algunos efectos secundarios muy leves. (Ver apartado \u201cNuestro m\u00e9todo\u201d)<br \/>\n\u2022 S\u00f3lo ser\u00e1n necesarios 15 minutos de concentraci\u00f3n al d\u00eda.<br \/>\n\u2022 Compatible con otros tratamientos, dietas\u2026<br \/>\n\u2022 No se recurrir\u00e1 a la medicaci\u00f3n.\n<\/p>\n<p>[\/et_pb_text][et_pb_text _builder_version=\u00bb4.4.3&#8243; header_5_text_color=\u00bb#5d5ba0&#8243; header_6_font=\u00bb||on||||||\u00bb header_6_text_color=\u00bb#ff9818&#8243; custom_padding=\u00bb|20px|||false|false\u00bb custom_padding_tablet=\u00bb|0px|||false|false\u00bb custom_padding_phone=\u00bb|0px|||false|false\u00bb custom_padding_last_edited=\u00bbon|desktop\u00bb]<\/p>\n<h5>NUESTRO M\u00c9TODO NO ES<\/h5>\n<p style=\"text-align: left; margin-left: 20px;\">Nosotros te proporcionaremos un plan estrat\u00e9gico para que comer de una forma sana, sin sentir ansiedad ni \u201csufrir sacrificios\u201d, sea f\u00e1cil para ti.<\/p>\n<p style=\"text-align: left; margin-left: 20px;\">Sin embargo, no es una dieta, ni conlleva actividad deportiva alguna. Siguiendo nuestro m\u00e9todo, no te cansar\u00e1s, es m\u00e1s, descansar\u00e1s y te relajar\u00e1s con mayor facilidad.<\/p>\n<p style=\"text-align: left; margin-left: 20px;\">\u00bfEntonces, se trata de un tratamiento \u201cmilagroso\u201d? Claro que no, nosotros te marcaremos unas pautas precisas, que deber\u00e1s seguir durante un plazo concreto de tiempo. Depender\u00e1 su duraci\u00f3n de los objetivos que te hayas marcado.<\/p>\n<p>[\/et_pb_text][\/et_pb_column][et_pb_column type=\u00bb1_4&#8243; _builder_version=\u00bb4.3.1&#8243;][et_pb_button button_text=\u00bbReservas\u00bb _builder_version=\u00bb4.4.5&#8243; button_alignment=\u00bbleft\u00bb custom_button=\u00bbon\u00bb button_text_size=\u00bb34px\u00bb button_bg_color=\u00bb#5d5ba0&#8243; button_bg_enable_color=\u00bbon\u00bb button_text_color=\u00bb#fab865&#8243; button_url=\u00bbhttps:\/\/www.hipnocentro.com\/#reservas\u00bb hover_enabled=\u00bb0&#8243; locked=\u00bboff\u00bb button_text_size_last_edited=\u00bbon|phone\u00bb button_text_size_phone=\u00bb62px\u00bb button_text_size_tablet=\u00bb99px\u00bb][\/et_pb_button][et_pb_sidebar area=\u00bbsidebar-6&#8243; _builder_version=\u00bb4.3.1&#8243;][\/et_pb_sidebar][\/et_pb_column][\/et_pb_row][\/et_pb_section]<\/p>\n","protected":false},"excerpt":{"rendered":"<p>PREGUNTAS FRECUENTES DE BANDA GASTRICA INTEGRATIVA\u00aeDURANTE LA HIPNOSIS \u00bfSE EST\u00c1 DESPIERTO O DORMIDO? Se est\u00e1 completamente despierto, no se pierde la conciencia en ning\u00fan momento. Con la hipnosis se alcanza un estado de una concentraci\u00f3n y relajaci\u00f3n profunda, pero se recordar\u00e1 con claridad y sin esfuerzo todo lo que ocurra durante ese tiempo.\u00bfTODO EL MUNDO [&hellip;]<\/p>\n","protected":false},"author":6,"featured_media":0,"parent":0,"menu_order":0,"comment_status":"closed","ping_status":"closed","template":"","meta":{"_et_pb_use_builder":"on","_et_pb_old_content":"<!-- wp:divi\/placeholder \/-->","_et_gb_content_width":"","footnotes":""},"yoast_head":"<!-- This site is optimized with the Yoast SEO plugin v20.6 - https:\/\/yoast.com\/wordpress\/plugins\/seo\/ -->\n<title>Preguntas frecuentes de Banda Gastrica Integrativa\u00ae - HIPNOCENTRO<\/title>\n<meta name=\"robots\" content=\"index, follow, max-snippet:-1, max-image-preview:large, max-video-preview:-1\" \/>\n<link rel=\"canonical\" href=\"https:\/\/hipnocentro.com\/2020\/preguntas-frecuentes-de-banda-gastrica-integrativa\/\" \/>\n<meta property=\"og:locale\" content=\"es_ES\" \/>\n<meta property=\"og:type\" content=\"article\" \/>\n<meta property=\"og:title\" content=\"Preguntas frecuentes de Banda Gastrica Integrativa\u00ae - HIPNOCENTRO\" \/>\n<meta property=\"og:description\" content=\"PREGUNTAS FRECUENTES DE BANDA GASTRICA INTEGRATIVA\u00aeDURANTE LA HIPNOSIS \u00bfSE EST\u00c1 DESPIERTO O DORMIDO? Se est\u00e1 completamente despierto, no se pierde la conciencia en ning\u00fan momento. Con la hipnosis se alcanza un estado de una concentraci\u00f3n y relajaci\u00f3n profunda, pero se recordar\u00e1 con claridad y sin esfuerzo todo lo que ocurra durante ese tiempo.\u00bfTODO EL MUNDO [&hellip;]\" \/>\n<meta property=\"og:url\" content=\"https:\/\/hipnocentro.com\/2020\/preguntas-frecuentes-de-banda-gastrica-integrativa\/\" \/>\n<meta property=\"og:site_name\" content=\"HIPNOCENTRO\" \/>\n<meta property=\"article:modified_time\" content=\"2020-05-20T10:42:06+00:00\" \/>\n<meta name=\"twitter:card\" content=\"summary_large_image\" \/>\n<meta name=\"twitter:label1\" content=\"Tiempo de lectura\" \/>\n\t<meta name=\"twitter:data1\" content=\"5 minutos\" \/>\n<script type=\"application\/ld+json\" class=\"yoast-schema-graph\">{\"@context\":\"https:\/\/schema.org\",\"@graph\":[{\"@type\":\"WebPage\",\"@id\":\"https:\/\/hipnocentro.com\/2020\/preguntas-frecuentes-de-banda-gastrica-integrativa\/\",\"url\":\"https:\/\/hipnocentro.com\/2020\/preguntas-frecuentes-de-banda-gastrica-integrativa\/\",\"name\":\"Preguntas frecuentes de Banda Gastrica Integrativa\u00ae - HIPNOCENTRO\",\"isPartOf\":{\"@id\":\"https:\/\/hipnocentro.com\/2020\/#website\"},\"datePublished\":\"2020-04-19T11:35:47+00:00\",\"dateModified\":\"2020-05-20T10:42:06+00:00\",\"breadcrumb\":{\"@id\":\"https:\/\/hipnocentro.com\/2020\/preguntas-frecuentes-de-banda-gastrica-integrativa\/#breadcrumb\"},\"inLanguage\":\"es\",\"potentialAction\":[{\"@type\":\"ReadAction\",\"target\":[\"https:\/\/hipnocentro.com\/2020\/preguntas-frecuentes-de-banda-gastrica-integrativa\/\"]}]},{\"@type\":\"BreadcrumbList\",\"@id\":\"https:\/\/hipnocentro.com\/2020\/preguntas-frecuentes-de-banda-gastrica-integrativa\/#breadcrumb\",\"itemListElement\":[{\"@type\":\"ListItem\",\"position\":1,\"name\":\"Portada\",\"item\":\"https:\/\/hipnocentro.com\/2020\/\"},{\"@type\":\"ListItem\",\"position\":2,\"name\":\"Preguntas frecuentes de Banda Gastrica Integrativa\u00ae\"}]},{\"@type\":\"WebSite\",\"@id\":\"https:\/\/hipnocentro.com\/2020\/#website\",\"url\":\"https:\/\/hipnocentro.com\/2020\/\",\"name\":\"HIPNOCENTRO\",\"description\":\"Centro de Hipn&oacute;sis Profesional y An&aacute;lisis Transaccional\",\"publisher\":{\"@id\":\"https:\/\/hipnocentro.com\/2020\/#organization\"},\"potentialAction\":[{\"@type\":\"SearchAction\",\"target\":{\"@type\":\"EntryPoint\",\"urlTemplate\":\"https:\/\/hipnocentro.com\/2020\/?s={search_term_string}\"},\"query-input\":\"required name=search_term_string\"}],\"inLanguage\":\"es\"},{\"@type\":\"Organization\",\"@id\":\"https:\/\/hipnocentro.com\/2020\/#organization\",\"name\":\"HIPNOCENTRO\",\"url\":\"https:\/\/hipnocentro.com\/2020\/\",\"logo\":{\"@type\":\"ImageObject\",\"inLanguage\":\"es\",\"@id\":\"https:\/\/hipnocentro.com\/2020\/#\/schema\/logo\/image\/\",\"url\":\"https:\/\/hipnocentro.com\/2020\/wp-content\/uploads\/2022\/10\/Logo-corto-Hipnocentro.jpg\",\"contentUrl\":\"https:\/\/hipnocentro.com\/2020\/wp-content\/uploads\/2022\/10\/Logo-corto-Hipnocentro.jpg\",\"width\":856,\"height\":192,\"caption\":\"HIPNOCENTRO\"},\"image\":{\"@id\":\"https:\/\/hipnocentro.com\/2020\/#\/schema\/logo\/image\/\"}}]}<\/script>\n<!-- \/ Yoast SEO plugin. -->","yoast_head_json":{"title":"Preguntas frecuentes de Banda Gastrica Integrativa\u00ae - HIPNOCENTRO","robots":{"index":"index","follow":"follow","max-snippet":"max-snippet:-1","max-image-preview":"max-image-preview:large","max-video-preview":"max-video-preview:-1"},"canonical":"https:\/\/hipnocentro.com\/2020\/preguntas-frecuentes-de-banda-gastrica-integrativa\/","og_locale":"es_ES","og_type":"article","og_title":"Preguntas frecuentes de Banda Gastrica Integrativa\u00ae - HIPNOCENTRO","og_description":"PREGUNTAS FRECUENTES DE BANDA GASTRICA INTEGRATIVA\u00aeDURANTE LA HIPNOSIS \u00bfSE EST\u00c1 DESPIERTO O DORMIDO? Se est\u00e1 completamente despierto, no se pierde la conciencia en ning\u00fan momento. Con la hipnosis se alcanza un estado de una concentraci\u00f3n y relajaci\u00f3n profunda, pero se recordar\u00e1 con claridad y sin esfuerzo todo lo que ocurra durante ese tiempo.\u00bfTODO EL MUNDO [&hellip;]","og_url":"https:\/\/hipnocentro.com\/2020\/preguntas-frecuentes-de-banda-gastrica-integrativa\/","og_site_name":"HIPNOCENTRO","article_modified_time":"2020-05-20T10:42:06+00:00","twitter_card":"summary_large_image","twitter_misc":{"Tiempo de lectura":"5 minutos"},"schema":{"@context":"https:\/\/schema.org","@graph":[{"@type":"WebPage","@id":"https:\/\/hipnocentro.com\/2020\/preguntas-frecuentes-de-banda-gastrica-integrativa\/","url":"https:\/\/hipnocentro.com\/2020\/preguntas-frecuentes-de-banda-gastrica-integrativa\/","name":"Preguntas frecuentes de Banda Gastrica Integrativa\u00ae - HIPNOCENTRO","isPartOf":{"@id":"https:\/\/hipnocentro.com\/2020\/#website"},"datePublished":"2020-04-19T11:35:47+00:00","dateModified":"2020-05-20T10:42:06+00:00","breadcrumb":{"@id":"https:\/\/hipnocentro.com\/2020\/preguntas-frecuentes-de-banda-gastrica-integrativa\/#breadcrumb"},"inLanguage":"es","potentialAction":[{"@type":"ReadAction","target":["https:\/\/hipnocentro.com\/2020\/preguntas-frecuentes-de-banda-gastrica-integrativa\/"]}]},{"@type":"BreadcrumbList","@id":"https:\/\/hipnocentro.com\/2020\/preguntas-frecuentes-de-banda-gastrica-integrativa\/#breadcrumb","itemListElement":[{"@type":"ListItem","position":1,"name":"Portada","item":"https:\/\/hipnocentro.com\/2020\/"},{"@type":"ListItem","position":2,"name":"Preguntas frecuentes de Banda Gastrica Integrativa\u00ae"}]},{"@type":"WebSite","@id":"https:\/\/hipnocentro.com\/2020\/#website","url":"https:\/\/hipnocentro.com\/2020\/","name":"HIPNOCENTRO","description":"Centro de Hipn&oacute;sis Profesional y An&aacute;lisis Transaccional","publisher":{"@id":"https:\/\/hipnocentro.com\/2020\/#organization"},"potentialAction":[{"@type":"SearchAction","target":{"@type":"EntryPoint","urlTemplate":"https:\/\/hipnocentro.com\/2020\/?s={search_term_string}"},"query-input":"required name=search_term_string"}],"inLanguage":"es"},{"@type":"Organization","@id":"https:\/\/hipnocentro.com\/2020\/#organization","name":"HIPNOCENTRO","url":"https:\/\/hipnocentro.com\/2020\/","logo":{"@type":"ImageObject","inLanguage":"es","@id":"https:\/\/hipnocentro.com\/2020\/#\/schema\/logo\/image\/","url":"https:\/\/hipnocentro.com\/2020\/wp-content\/uploads\/2022\/10\/Logo-corto-Hipnocentro.jpg","contentUrl":"https:\/\/hipnocentro.com\/2020\/wp-content\/uploads\/2022\/10\/Logo-corto-Hipnocentro.jpg","width":856,"height":192,"caption":"HIPNOCENTRO"},"image":{"@id":"https:\/\/hipnocentro.com\/2020\/#\/schema\/logo\/image\/"}}]}},"_links":{"self":[{"href":"https:\/\/hipnocentro.com\/2020\/wp-json\/wp\/v2\/pages\/349"}],"collection":[{"href":"https:\/\/hipnocentro.com\/2020\/wp-json\/wp\/v2\/pages"}],"about":[{"href":"https:\/\/hipnocentro.com\/2020\/wp-json\/wp\/v2\/types\/page"}],"author":[{"embeddable":true,"href":"https:\/\/hipnocentro.com\/2020\/wp-json\/wp\/v2\/users\/6"}],"replies":[{"embeddable":true,"href":"https:\/\/hipnocentro.com\/2020\/wp-json\/wp\/v2\/comments?post=349"}],"version-history":[{"count":5,"href":"https:\/\/hipnocentro.com\/2020\/wp-json\/wp\/v2\/pages\/349\/revisions"}],"predecessor-version":[{"id":703,"href":"https:\/\/hipnocentro.com\/2020\/wp-json\/wp\/v2\/pages\/349\/revisions\/703"}],"wp:attachment":[{"href":"https:\/\/hipnocentro.com\/2020\/wp-json\/wp\/v2\/media?parent=349"}],"curies":[{"name":"wp","href":"https:\/\/api.w.org\/{rel}","templated":true}]}}