{"id":539,"date":"2020-05-15T06:42:29","date_gmt":"2020-05-15T06:42:29","guid":{"rendered":"https:\/\/www.hipnocentro.com\/?page_id=539"},"modified":"2020-05-15T10:38:32","modified_gmt":"2020-05-15T10:38:32","slug":"acompanamiento-al-proceso","status":"publish","type":"page","link":"https:\/\/hipnocentro.com\/2020\/acompanamiento-al-proceso\/","title":{"rendered":"Acompa\u00f1amiento al proceso"},"content":{"rendered":"<p>[et_pb_section fb_built=\u00bb1&#8243; _builder_version=\u00bb4.4.5&#8243; custom_margin=\u00bb0px|0px|0px|0px|false|false\u00bb custom_padding=\u00bb0px|0px|0px|0px|false|false\u00bb][et_pb_row _builder_version=\u00bb4.4.5&#8243; width=\u00bb100%\u00bb max_width=\u00bb100%\u00bb custom_margin=\u00bb0px|0px|0px|0px|false|false\u00bb custom_padding=\u00bb0px|0px|0px|0px|false|false\u00bb][et_pb_column type=\u00bb4_4&#8243; _builder_version=\u00bb4.4.5&#8243;][et_pb_image src=\u00bbhttps:\/\/hipnocentro.com\/2020\/wp-content\/uploads\/2020\/05\/manos.jpg\u00bb title_text=\u00bbmanos\u00bb _builder_version=\u00bb4.4.5&#8243;][\/et_pb_image][\/et_pb_column][\/et_pb_row][\/et_pb_section][et_pb_section fb_built=\u00bb1&#8243; _builder_version=\u00bb4.4.5&#8243; background_enable_color=\u00bboff\u00bb use_background_color_gradient=\u00bbon\u00bb background_color_gradient_start=\u00bbrgba(250,184,101,0.45)\u00bb background_color_gradient_end=\u00bbrgba(67,65,136,0.15)\u00bb custom_padding=\u00bb10px|||||\u00bb][et_pb_row make_equal=\u00bbon\u00bb _builder_version=\u00bb4.4.5&#8243; custom_padding=\u00bb||8px|||\u00bb border_radii=\u00bbon|34px|34px|34px|34px\u00bb][et_pb_column type=\u00bb4_4&#8243; _builder_version=\u00bb4.4.5&#8243;][et_pb_text _builder_version=\u00bb4.4.5&#8243; header_font_size=\u00bb31px\u00bb header_5_text_color=\u00bb#333168&#8243; header_5_font_size=\u00bb18px\u00bb header_5_line_height=\u00bb1.5em\u00bb header_6_text_color=\u00bb#c67b11&#8243; header_6_font_size=\u00bb16px\u00bb header_6_line_height=\u00bb1.5em\u00bb custom_margin=\u00bb||0px|||\u00bb custom_padding=\u00bb||0px|4px|false|false\u00bb border_radii=\u00bbon|34px|34px|34px|34px\u00bb]<\/p>\n<h2 style=\"text-align: center; margin-bottom: 20px;\">ACOMPA\u00d1AMIENTO AL PROCESO<\/h2>\n<p>[\/et_pb_text][et_pb_text _builder_version=\u00bb4.4.5&#8243; text_font=\u00bb|600|||||||\u00bb text_font_size=\u00bb17px\u00bb hover_enabled=\u00bb0&#8243;]<\/p>\n<p style=\"text-align: center;\">Diversos estudios apoyan la idea de que los procesos de adelgazamiento mejoran considerablemente cuando est\u00e1n acompa\u00f1ados por sesiones grupales.<br \/> Para acompa\u00f1arte en este proceso y ayudarte a alcanzar un grado \u00f3ptimo de bienestar ofrecemos la posibilidad de acudir a las reuniones semanales online durante el tratamiento de banda g\u00e1strica integrativa.<\/p>\n<p style=\"text-align: center;\">En las sesiones trabajaremos la autoestima, cambio de h\u00e1bitos, autoconocimiento y gesti\u00f3n de las emociones; tambi\u00e9n te ayudaremos con los conflictos y dificultades personales que puedan surgir.<\/p>\n<p style=\"text-align: center;\">Al compartir con personas que est\u00e1n atravesando lo mismo te sentir\u00e1s acompa\u00f1ado, y conseguir\u00e1s motivaci\u00f3n y compromiso para lograr los objetivos que deseas conseguir.<\/p>\n<p>[\/et_pb_text][\/et_pb_column][\/et_pb_row][et_pb_row _builder_version=\u00bb4.4.5&#8243;][et_pb_column type=\u00bb4_4&#8243; _builder_version=\u00bb4.4.5&#8243;][et_pb_text _builder_version=\u00bb4.4.5&#8243; hover_enabled=\u00bb0&#8243;]<\/p>\n<h3 style=\"text-align: center;\">Para realizar la solicitud, puedes hacerlo a trav\u00e9s de:<\/h3>\n<p>[\/et_pb_text][\/et_pb_column][\/et_pb_row][et_pb_row column_structure=\u00bb1_3,1_3,1_3&#8243; _builder_version=\u00bb4.4.5&#8243;][et_pb_column type=\u00bb1_3&#8243; _builder_version=\u00bb4.4.5&#8243;][et_pb_blurb title=\u00bbinfo@hipnocentro.com\u00bb url=\u00bbmailto:info@hipnocentro.com\u00bb use_icon=\u00bbon\u00bb font_icon=\u00bb%%109%%\u00bb icon_color=\u00bb#5d5ba0&#8243; use_icon_font_size=\u00bbon\u00bb icon_font_size=\u00bb70px\u00bb _builder_version=\u00bb4.4.5&#8243; header_text_align=\u00bbcenter\u00bb][\/et_pb_blurb][\/et_pb_column][et_pb_column type=\u00bb1_3&#8243; _builder_version=\u00bb4.4.5&#8243;][et_pb_blurb title=\u00bb620 980 239&#8243; use_icon=\u00bbon\u00bb font_icon=\u00bb%%264%%\u00bb icon_color=\u00bb#5d5ba0&#8243; use_icon_font_size=\u00bbon\u00bb icon_font_size=\u00bb70px\u00bb _builder_version=\u00bb4.4.5&#8243; header_text_align=\u00bbcenter\u00bb][\/et_pb_blurb][\/et_pb_column][et_pb_column type=\u00bb1_3&#8243; _builder_version=\u00bb4.4.5&#8243;][et_pb_blurb title=\u00bbWhatsapp\u00bb url=\u00bbhttps:\/\/web.whatsapp.com\/\u00bb url_new_window=\u00bbon\u00bb image=\u00bbhttps:\/\/hipnocentro.com\/2020\/wp-content\/uploads\/2020\/05\/whatsapp2.png\u00bb _builder_version=\u00bb4.4.5&#8243; header_text_align=\u00bbcenter\u00bb][\/et_pb_blurb][\/et_pb_column][\/et_pb_row][\/et_pb_section]<\/p>\n","protected":false},"excerpt":{"rendered":"<p>ACOMPA\u00d1AMIENTO AL PROCESODiversos estudios apoyan la idea de que los procesos de adelgazamiento mejoran considerablemente cuando est\u00e1n acompa\u00f1ados por sesiones grupales. Para acompa\u00f1arte en este proceso y ayudarte a alcanzar un grado \u00f3ptimo de bienestar ofrecemos la posibilidad de acudir a las reuniones semanales online durante el tratamiento de banda g\u00e1strica integrativa. En las sesiones [&hellip;]<\/p>\n","protected":false},"author":6,"featured_media":0,"parent":0,"menu_order":0,"comment_status":"closed","ping_status":"closed","template":"","meta":{"_et_pb_use_builder":"on","_et_pb_old_content":"<!-- wp:divi\/placeholder \/-->","_et_gb_content_width":"","footnotes":""},"yoast_head":"<!-- This site is optimized with the Yoast SEO plugin v20.6 - https:\/\/yoast.com\/wordpress\/plugins\/seo\/ -->\n<title>Acompa\u00f1amiento al proceso - HIPNOCENTRO<\/title>\n<meta name=\"robots\" content=\"index, follow, max-snippet:-1, max-image-preview:large, max-video-preview:-1\" \/>\n<link rel=\"canonical\" href=\"https:\/\/hipnocentro.com\/2020\/acompanamiento-al-proceso\/\" \/>\n<meta property=\"og:locale\" content=\"es_ES\" \/>\n<meta property=\"og:type\" content=\"article\" \/>\n<meta property=\"og:title\" content=\"Acompa\u00f1amiento al proceso - HIPNOCENTRO\" \/>\n<meta property=\"og:description\" content=\"ACOMPA\u00d1AMIENTO AL PROCESODiversos estudios apoyan la idea de que los procesos de adelgazamiento mejoran considerablemente cuando est\u00e1n acompa\u00f1ados por sesiones grupales. Para acompa\u00f1arte en este proceso y ayudarte a alcanzar un grado \u00f3ptimo de bienestar ofrecemos la posibilidad de acudir a las reuniones semanales online durante el tratamiento de banda g\u00e1strica integrativa. En las sesiones [&hellip;]\" \/>\n<meta property=\"og:url\" content=\"https:\/\/hipnocentro.com\/2020\/acompanamiento-al-proceso\/\" \/>\n<meta property=\"og:site_name\" content=\"HIPNOCENTRO\" \/>\n<meta property=\"article:modified_time\" content=\"2020-05-15T10:38:32+00:00\" \/>\n<meta name=\"twitter:card\" content=\"summary_large_image\" \/>\n<meta name=\"twitter:label1\" content=\"Tiempo de lectura\" \/>\n\t<meta name=\"twitter:data1\" content=\"3 minutos\" \/>\n<script type=\"application\/ld+json\" class=\"yoast-schema-graph\">{\"@context\":\"https:\/\/schema.org\",\"@graph\":[{\"@type\":\"WebPage\",\"@id\":\"https:\/\/hipnocentro.com\/2020\/acompanamiento-al-proceso\/\",\"url\":\"https:\/\/hipnocentro.com\/2020\/acompanamiento-al-proceso\/\",\"name\":\"Acompa\u00f1amiento al proceso - HIPNOCENTRO\",\"isPartOf\":{\"@id\":\"https:\/\/hipnocentro.com\/2020\/#website\"},\"datePublished\":\"2020-05-15T06:42:29+00:00\",\"dateModified\":\"2020-05-15T10:38:32+00:00\",\"breadcrumb\":{\"@id\":\"https:\/\/hipnocentro.com\/2020\/acompanamiento-al-proceso\/#breadcrumb\"},\"inLanguage\":\"es\",\"potentialAction\":[{\"@type\":\"ReadAction\",\"target\":[\"https:\/\/hipnocentro.com\/2020\/acompanamiento-al-proceso\/\"]}]},{\"@type\":\"BreadcrumbList\",\"@id\":\"https:\/\/hipnocentro.com\/2020\/acompanamiento-al-proceso\/#breadcrumb\",\"itemListElement\":[{\"@type\":\"ListItem\",\"position\":1,\"name\":\"Portada\",\"item\":\"https:\/\/hipnocentro.com\/2020\/\"},{\"@type\":\"ListItem\",\"position\":2,\"name\":\"Acompa\u00f1amiento al proceso\"}]},{\"@type\":\"WebSite\",\"@id\":\"https:\/\/hipnocentro.com\/2020\/#website\",\"url\":\"https:\/\/hipnocentro.com\/2020\/\",\"name\":\"HIPNOCENTRO\",\"description\":\"Centro de Hipn&oacute;sis Profesional y An&aacute;lisis Transaccional\",\"publisher\":{\"@id\":\"https:\/\/hipnocentro.com\/2020\/#organization\"},\"potentialAction\":[{\"@type\":\"SearchAction\",\"target\":{\"@type\":\"EntryPoint\",\"urlTemplate\":\"https:\/\/hipnocentro.com\/2020\/?s={search_term_string}\"},\"query-input\":\"required name=search_term_string\"}],\"inLanguage\":\"es\"},{\"@type\":\"Organization\",\"@id\":\"https:\/\/hipnocentro.com\/2020\/#organization\",\"name\":\"HIPNOCENTRO\",\"url\":\"https:\/\/hipnocentro.com\/2020\/\",\"logo\":{\"@type\":\"ImageObject\",\"inLanguage\":\"es\",\"@id\":\"https:\/\/hipnocentro.com\/2020\/#\/schema\/logo\/image\/\",\"url\":\"https:\/\/hipnocentro.com\/2020\/wp-content\/uploads\/2022\/10\/Logo-corto-Hipnocentro.jpg\",\"contentUrl\":\"https:\/\/hipnocentro.com\/2020\/wp-content\/uploads\/2022\/10\/Logo-corto-Hipnocentro.jpg\",\"width\":856,\"height\":192,\"caption\":\"HIPNOCENTRO\"},\"image\":{\"@id\":\"https:\/\/hipnocentro.com\/2020\/#\/schema\/logo\/image\/\"}}]}<\/script>\n<!-- \/ Yoast SEO plugin. -->","yoast_head_json":{"title":"Acompa\u00f1amiento al proceso - HIPNOCENTRO","robots":{"index":"index","follow":"follow","max-snippet":"max-snippet:-1","max-image-preview":"max-image-preview:large","max-video-preview":"max-video-preview:-1"},"canonical":"https:\/\/hipnocentro.com\/2020\/acompanamiento-al-proceso\/","og_locale":"es_ES","og_type":"article","og_title":"Acompa\u00f1amiento al proceso - HIPNOCENTRO","og_description":"ACOMPA\u00d1AMIENTO AL PROCESODiversos estudios apoyan la idea de que los procesos de adelgazamiento mejoran considerablemente cuando est\u00e1n acompa\u00f1ados por sesiones grupales. Para acompa\u00f1arte en este proceso y ayudarte a alcanzar un grado \u00f3ptimo de bienestar ofrecemos la posibilidad de acudir a las reuniones semanales online durante el tratamiento de banda g\u00e1strica integrativa. En las sesiones [&hellip;]","og_url":"https:\/\/hipnocentro.com\/2020\/acompanamiento-al-proceso\/","og_site_name":"HIPNOCENTRO","article_modified_time":"2020-05-15T10:38:32+00:00","twitter_card":"summary_large_image","twitter_misc":{"Tiempo de lectura":"3 minutos"},"schema":{"@context":"https:\/\/schema.org","@graph":[{"@type":"WebPage","@id":"https:\/\/hipnocentro.com\/2020\/acompanamiento-al-proceso\/","url":"https:\/\/hipnocentro.com\/2020\/acompanamiento-al-proceso\/","name":"Acompa\u00f1amiento al proceso - HIPNOCENTRO","isPartOf":{"@id":"https:\/\/hipnocentro.com\/2020\/#website"},"datePublished":"2020-05-15T06:42:29+00:00","dateModified":"2020-05-15T10:38:32+00:00","breadcrumb":{"@id":"https:\/\/hipnocentro.com\/2020\/acompanamiento-al-proceso\/#breadcrumb"},"inLanguage":"es","potentialAction":[{"@type":"ReadAction","target":["https:\/\/hipnocentro.com\/2020\/acompanamiento-al-proceso\/"]}]},{"@type":"BreadcrumbList","@id":"https:\/\/hipnocentro.com\/2020\/acompanamiento-al-proceso\/#breadcrumb","itemListElement":[{"@type":"ListItem","position":1,"name":"Portada","item":"https:\/\/hipnocentro.com\/2020\/"},{"@type":"ListItem","position":2,"name":"Acompa\u00f1amiento al proceso"}]},{"@type":"WebSite","@id":"https:\/\/hipnocentro.com\/2020\/#website","url":"https:\/\/hipnocentro.com\/2020\/","name":"HIPNOCENTRO","description":"Centro de Hipn&oacute;sis Profesional y An&aacute;lisis Transaccional","publisher":{"@id":"https:\/\/hipnocentro.com\/2020\/#organization"},"potentialAction":[{"@type":"SearchAction","target":{"@type":"EntryPoint","urlTemplate":"https:\/\/hipnocentro.com\/2020\/?s={search_term_string}"},"query-input":"required name=search_term_string"}],"inLanguage":"es"},{"@type":"Organization","@id":"https:\/\/hipnocentro.com\/2020\/#organization","name":"HIPNOCENTRO","url":"https:\/\/hipnocentro.com\/2020\/","logo":{"@type":"ImageObject","inLanguage":"es","@id":"https:\/\/hipnocentro.com\/2020\/#\/schema\/logo\/image\/","url":"https:\/\/hipnocentro.com\/2020\/wp-content\/uploads\/2022\/10\/Logo-corto-Hipnocentro.jpg","contentUrl":"https:\/\/hipnocentro.com\/2020\/wp-content\/uploads\/2022\/10\/Logo-corto-Hipnocentro.jpg","width":856,"height":192,"caption":"HIPNOCENTRO"},"image":{"@id":"https:\/\/hipnocentro.com\/2020\/#\/schema\/logo\/image\/"}}]}},"_links":{"self":[{"href":"https:\/\/hipnocentro.com\/2020\/wp-json\/wp\/v2\/pages\/539"}],"collection":[{"href":"https:\/\/hipnocentro.com\/2020\/wp-json\/wp\/v2\/pages"}],"about":[{"href":"https:\/\/hipnocentro.com\/2020\/wp-json\/wp\/v2\/types\/page"}],"author":[{"embeddable":true,"href":"https:\/\/hipnocentro.com\/2020\/wp-json\/wp\/v2\/users\/6"}],"replies":[{"embeddable":true,"href":"https:\/\/hipnocentro.com\/2020\/wp-json\/wp\/v2\/comments?post=539"}],"version-history":[{"count":11,"href":"https:\/\/hipnocentro.com\/2020\/wp-json\/wp\/v2\/pages\/539\/revisions"}],"predecessor-version":[{"id":575,"href":"https:\/\/hipnocentro.com\/2020\/wp-json\/wp\/v2\/pages\/539\/revisions\/575"}],"wp:attachment":[{"href":"https:\/\/hipnocentro.com\/2020\/wp-json\/wp\/v2\/media?parent=539"}],"curies":[{"name":"wp","href":"https:\/\/api.w.org\/{rel}","templated":true}]}}