{"id":85,"date":"2020-02-07T07:04:35","date_gmt":"2020-02-07T07:04:35","guid":{"rendered":"https:\/\/hipnocentro.com\/2020\/?page_id=85"},"modified":"2022-11-01T16:25:48","modified_gmt":"2022-11-01T16:25:48","slug":"dejar-de-fumar-con-hipnosis","status":"publish","type":"page","link":"https:\/\/hipnocentro.com\/2020\/dejar-de-fumar-con-hipnosis\/","title":{"rendered":"Dejar de fumar con hipnosis"},"content":{"rendered":"\n[et_pb_section fb_built=\u00bb1&#8243; _builder_version=\u00bb4.16&#8243; animation_style=\u00bbfade\u00bb global_colors_info=\u00bb{}\u00bb][et_pb_row column_structure=\u00bb3_4,1_4&#8243; _builder_version=\u00bb4.16&#8243; global_colors_info=\u00bb{}\u00bb][et_pb_column type=\u00bb3_4&#8243; _builder_version=\u00bb4.16&#8243; global_colors_info=\u00bb{}\u00bb][et_pb_text _builder_version=\u00bb4.16&#8243; custom_padding=\u00bb|52px||52px|false|true\u00bb custom_padding_tablet=\u00bb|13px||13px|false|true\u00bb custom_padding_phone=\u00bb|0px||0px|false|true\u00bb custom_padding_last_edited=\u00bbon|tablet\u00bb global_colors_info=\u00bb{}\u00bb]<h2>DEJAR DE FUMAR CON HIPNOSIS<\/h2>\n<h3>C\u00d3MO FUNCIONA<\/h3>\n<p>Las sesiones que impartimos constan de dos partes, realizadas a lo largo de dos horas y en el mismo d\u00eda.<\/p>\n<p>Al participar en la sesi\u00f3n recibiremos la ense\u00f1anza de dos herramientas:<br \/>En la primera parte de la sesi\u00f3n recibiremos una herramienta para manejar el auto boicot y el reverso psicol\u00f3gico.<\/p>\n<p>En la segunda parte ya en estado atenci\u00f3n focalizada aprenderemos una herramienta para desencadenar sensaciones de tranquilidad similares a las que podr\u00eda aportar un cigarrillo instalando un est\u00edmulo que podremos utilizar cuantas veces sea necesario a lo largo del d\u00eda.<\/p>\n<h4>PRIMERA PARTE (DURACI\u00d3N: 60 MINUTOS)<\/h4>\n<p>Dedicaremos la primera hora a reconocer exactamente qu\u00e9 clase de fumador es cada asistente, las razones que impulsan a cada uno a fumar y cu\u00e1les son los pasos que cada cual debe seguir para dejarlo definitivamente, sin esfuerzo y sin recaer en ello.<\/p>\n<p>Aprenderemos c\u00f3mo eliminar el h\u00e1bito de fumar de nuestras vidas, siendo capaces de no asociarlo a nuestras actividades del d\u00eda a d\u00eda. Adem\u00e1s, nos haremos conscientes del valor que en realidad tiene el fumar, aclarando ciertos mitos que existen sobre este h\u00e1bito.<\/p>\n<p>Aqu\u00ed recibiremos una herramienta que nos ayude a trabajar con el auto boicot y el reverso psicol\u00f3gico.<\/p>\n<h4>SEGUNDA PARTE (DURACI\u00d3N: 60 MINUTOS)<\/h4>\n<p>En la segunda hora, recurriremos a la hipnosis para conseguir lo siguiente:<\/p>\n<ul>\n<li>Reducir a 0 el deseo de fumar.<\/li>\n<li>Eliminar la ansiedad que produce el tabaquismo.<\/li>\n<li>Obtener una mayor fuerza de voluntad.<\/li>\n<li>Reforzar nuestra autoestima y convencernos de que somos capaces de lograrlo.<\/li>\n<li>Aumentar la expectativa de \u00e9xito.<\/li>\n<li>Hacer desaparecer el sentimiento de culpa que el tabaco provoca.<\/li>\n<li>Aqu\u00ed ya en estado de plena atenci\u00f3n focalizada aprenderemos una herramienta para desencadenar sensaciones de tranquilidad similares a las que podr\u00eda aportar un cigarrillo instalando un est\u00edmulo que podremos utilizar cuantas veces sea necesario a lo largo del d\u00eda.<\/li>\n<\/ul>\n<h4>DURANTE LA HIPNOSIS \u00bfSE EST\u00c1 DESPIERTO O DORMIDO?<\/h4>\n<p>Se est\u00e1 completamente despierto, no se pierde la conciencia en ning\u00fan momento. Con la hipnosis se alcanza un estado de atenci\u00f3n focalizada, una concentraci\u00f3n y relajaci\u00f3n profunda, pero se recordar\u00e1 con claridad y sin esfuerzo todo lo que ocurra durante ese tiempo.<\/p>\n<h4>\u00bfTODO EL MUNDO PUEDE RECURRIR A LA HIPNOTIZACI\u00d3N?<\/h4>\n<p>No, las personas con patolog\u00edas como epilepsia, patolog\u00edas psiqui\u00e1tricas como psicosis o que tomen medicamentos antipsic\u00f3ticos o fueron operadas recientemente no pueden participar. Si usted se encuentra en tratamiento m\u00e9dico o psicol\u00f3gico es mejor consultar con el terapeuta antes de asistir.<\/p>\n<h4>\u00bfSUPONE ALG\u00daN PELIGRO LA HIPNOSIS?<\/h4>\n<p>De ninguna clase. Es un recurso totalmente inofensivo para la salud que no supone efectos secundarios, ni riesgo alguno.<\/p>\n<h4>HE INTENTADO VARIAS VECES DEJAR DE FUMAR PERO SIN \u00c9XITO, \u00bfPUEDO LOGRARLO CON HIPNOSIS?<\/h4>\n<p>Por supuesto que s\u00ed. Adem\u00e1s, podr\u00e1s darte cuenta por ti mismo de la eficacia de la hipnosis cuando compares sus resultados con los resultados de tus anteriores intentos. Al utilizar las herramientas que brindamos en la sesi\u00f3n ver\u00e1s c\u00f3mo tu cuerpo y tu estado de \u00e1nimo son diferentes, con la hipnosis se eliminar\u00e1 la sensaci\u00f3n de ansiedad, la molesta tensi\u00f3n muscular que se provoca ya no ser\u00e1 una carga y el deseo de fumar se habr\u00e1 esfumado. Su fuerza de voluntad ser\u00e1 mucho m\u00e1s f\u00e9rrea y te sentir\u00e1s seguro de ti mismo.<\/p>\n<h4>\u00bfCU\u00c1L ES EL PORCENTAJE DE \u00c9XITO DE LAS SESIONES?<\/h4>\n<p>El porcentaje de \u00e9xito obtenido al dejar de fumar mediante la hipnosis<br \/>es superior al 75%.<\/p>\n<p>En el a\u00f1o 2010 evaluamos 420 casos de fumadores tratados por nuestro equipo de expertos durante los a\u00f1os 2008 y 2009. Seg\u00fan la estad\u00edstica, el 73% de los asistentes a nuestras sesiones segu\u00edan sin fumar, siendo solamente un 27% los que hab\u00edan necesitado una segunda sesi\u00f3n para<br \/>conseguirlo.<br \/>En el caso de que esa segunda sesi\u00f3n sea necesaria, ofrecemos la posibilidad de asistir a esa segunda sesi\u00f3n totalmente gratis en el plazo de un a\u00f1o. (Ver condiciones en la secci\u00f3n de \u201cgarant\u00eda por escrito\u201d).<\/p>\n<h4>\u00bfES NECESARIO RECURRIR A LOS PARCHES O CHICLES DE NICOTINA COMO COMPLEMENTO?<\/h4>\n<p>No. El m\u00e9todo por hipnosis es efectivo y eficaz por s\u00ed mismo, por lo que no necesita del apoyo de complementos adicionales. El asistente a las sesiones no necesitar\u00e1 ning\u00fan producto que sustituya a la nicotina, como los chicles o parches, libr\u00e1ndose as\u00ed de los m\u00faltiples efectos secundarios que \u00e9stos producen (entre los que se encuentran mareos y taquicardias).<\/p>\n<h4>\u00bfSE ENGORDA AL DEJAR DE FUMAR MEDIANTE HIPNOSIS?<\/h4>\n<p>No, ya que no hay ninguna relaci\u00f3n directa entre dejar de fumar y el aumento de peso. El problema viene cuando una persona intenta dejar de fumar sin la ayuda necesaria y sin seguir un planteamiento coherente y acaba sustituyendo la nicotina por la comida, a fin de acabar con la ansiedad. En cambio, nuestro m\u00e9todo te permite acabar con la tensi\u00f3n y la ansiedad sin que tengas que buscar un sustituto a la nicotina de ning\u00fan tipo.<\/p>\n<h4>\u00bfCU\u00c1NTO PODR\u00c9 AHORRAR SI DEJO DE FUMAR?<\/h4>\n<p>El gasto econ\u00f3mico no es la consecuencia perjudicial m\u00e1s grave provocada por el tabaco, pero siempre es motivador calcular lo que ahorrar\u00edamos si se deja de fumar. Seg\u00fan estudios, el dinero que un espa\u00f1ol medio se gasta en tabaco al cabo de un a\u00f1o, equivale a unas vacaciones de 10 d\u00edas en el Caribe con todo incluido.<\/p>[\/et_pb_text][\/et_pb_column][et_pb_column type=\u00bb1_4&#8243; _builder_version=\u00bb4.16&#8243; global_colors_info=\u00bb{}\u00bb][et_pb_button button_url=\u00bbhttps:\/\/www.hipnocentro.com\/#reservas\u00bb button_text=\u00bbReservas\u00bb button_alignment=\u00bbleft\u00bb _builder_version=\u00bb4.16&#8243; custom_button=\u00bbon\u00bb button_text_size=\u00bb34px\u00bb button_text_color=\u00bb#fab865&#8243; button_bg_color=\u00bb#5d5ba0&#8243; button_text_size_tablet=\u00bb99px\u00bb button_text_size_phone=\u00bb62px\u00bb button_text_size_last_edited=\u00bbon|phone\u00bb locked=\u00bboff\u00bb global_colors_info=\u00bb{}\u00bb][\/et_pb_button][et_pb_sidebar area=\u00bbsidebar-7&#8243; _builder_version=\u00bb4.16&#8243; global_colors_info=\u00bb{}\u00bb][\/et_pb_sidebar][\/et_pb_column][\/et_pb_row][\/et_pb_section]\n","protected":false},"excerpt":{"rendered":"<p>DEJAR DE FUMAR CON HIPNOSIS C\u00d3MO FUNCIONA Las sesiones que impartimos constan de dos partes, realizadas a lo largo de dos horas y en el mismo d\u00eda. Al participar en la sesi\u00f3n recibiremos la ense\u00f1anza de dos herramientas:En la primera parte de la sesi\u00f3n recibiremos una herramienta para manejar el auto boicot y el reverso [&hellip;]<\/p>\n","protected":false},"author":6,"featured_media":1253,"parent":0,"menu_order":0,"comment_status":"closed","ping_status":"closed","template":"","meta":{"_et_pb_use_builder":"on","_et_pb_old_content":"<!-- wp:divi\/placeholder \/-->","_et_gb_content_width":"","footnotes":""},"yoast_head":"<!-- This site is optimized with the Yoast SEO plugin v20.6 - https:\/\/yoast.com\/wordpress\/plugins\/seo\/ -->\n<title>Dejar de fumar con hipnosis - HIPNOCENTRO - Reserva Plaza<\/title>\n<meta name=\"description\" content=\"Dejar de Fumar con Hipnosis, seminarios por toda Espa\u00f1a. Elimina la ansiedad del tabaquismo. Asturias Sevilla Murcia Madrid Bilbao Valladolid\" \/>\n<meta name=\"robots\" content=\"index, follow, max-snippet:-1, max-image-preview:large, max-video-preview:-1\" \/>\n<link rel=\"canonical\" href=\"https:\/\/hipnocentro.com\/2020\/dejar-de-fumar-con-hipnosis\/\" \/>\n<meta property=\"og:locale\" content=\"es_ES\" \/>\n<meta property=\"og:type\" content=\"article\" \/>\n<meta property=\"og:title\" content=\"Dejar de fumar con hipnosis - HIPNOCENTRO - Reserva Plaza\" \/>\n<meta property=\"og:description\" content=\"Dejar de Fumar con Hipnosis, seminarios por toda Espa\u00f1a. Elimina la ansiedad del tabaquismo. Asturias Sevilla Murcia Madrid Bilbao Valladolid\" \/>\n<meta property=\"og:url\" content=\"https:\/\/hipnocentro.com\/2020\/dejar-de-fumar-con-hipnosis\/\" \/>\n<meta property=\"og:site_name\" content=\"HIPNOCENTRO\" \/>\n<meta property=\"article:modified_time\" content=\"2022-11-01T16:25:48+00:00\" \/>\n<meta property=\"og:image\" content=\"https:\/\/hipnocentro.com\/2020\/wp-content\/uploads\/2022\/10\/Dejar-de-fumar-Hipnocentro-2-logo.jpg\" \/>\n\t<meta property=\"og:image:width\" content=\"592\" \/>\n\t<meta property=\"og:image:height\" content=\"334\" \/>\n\t<meta property=\"og:image:type\" content=\"image\/jpeg\" \/>\n<meta name=\"twitter:card\" content=\"summary_large_image\" \/>\n<meta name=\"twitter:label1\" content=\"Tiempo de lectura\" \/>\n\t<meta name=\"twitter:data1\" content=\"5 minutos\" \/>\n<script type=\"application\/ld+json\" class=\"yoast-schema-graph\">{\"@context\":\"https:\/\/schema.org\",\"@graph\":[{\"@type\":\"WebPage\",\"@id\":\"https:\/\/hipnocentro.com\/2020\/dejar-de-fumar-con-hipnosis\/\",\"url\":\"https:\/\/hipnocentro.com\/2020\/dejar-de-fumar-con-hipnosis\/\",\"name\":\"Dejar de fumar con hipnosis - HIPNOCENTRO - Reserva Plaza\",\"isPartOf\":{\"@id\":\"https:\/\/hipnocentro.com\/2020\/#website\"},\"datePublished\":\"2020-02-07T07:04:35+00:00\",\"dateModified\":\"2022-11-01T16:25:48+00:00\",\"description\":\"Dejar de Fumar con Hipnosis, seminarios por toda Espa\u00f1a. Elimina la ansiedad del tabaquismo. Asturias Sevilla Murcia Madrid Bilbao Valladolid\",\"breadcrumb\":{\"@id\":\"https:\/\/hipnocentro.com\/2020\/dejar-de-fumar-con-hipnosis\/#breadcrumb\"},\"inLanguage\":\"es\",\"potentialAction\":[{\"@type\":\"ReadAction\",\"target\":[\"https:\/\/hipnocentro.com\/2020\/dejar-de-fumar-con-hipnosis\/\"]}]},{\"@type\":\"BreadcrumbList\",\"@id\":\"https:\/\/hipnocentro.com\/2020\/dejar-de-fumar-con-hipnosis\/#breadcrumb\",\"itemListElement\":[{\"@type\":\"ListItem\",\"position\":1,\"name\":\"Portada\",\"item\":\"https:\/\/hipnocentro.com\/2020\/\"},{\"@type\":\"ListItem\",\"position\":2,\"name\":\"Dejar de fumar con hipnosis\"}]},{\"@type\":\"WebSite\",\"@id\":\"https:\/\/hipnocentro.com\/2020\/#website\",\"url\":\"https:\/\/hipnocentro.com\/2020\/\",\"name\":\"HIPNOCENTRO\",\"description\":\"Centro de Hipn&oacute;sis Profesional y An&aacute;lisis Transaccional\",\"publisher\":{\"@id\":\"https:\/\/hipnocentro.com\/2020\/#organization\"},\"potentialAction\":[{\"@type\":\"SearchAction\",\"target\":{\"@type\":\"EntryPoint\",\"urlTemplate\":\"https:\/\/hipnocentro.com\/2020\/?s={search_term_string}\"},\"query-input\":\"required name=search_term_string\"}],\"inLanguage\":\"es\"},{\"@type\":\"Organization\",\"@id\":\"https:\/\/hipnocentro.com\/2020\/#organization\",\"name\":\"HIPNOCENTRO\",\"url\":\"https:\/\/hipnocentro.com\/2020\/\",\"logo\":{\"@type\":\"ImageObject\",\"inLanguage\":\"es\",\"@id\":\"https:\/\/hipnocentro.com\/2020\/#\/schema\/logo\/image\/\",\"url\":\"https:\/\/hipnocentro.com\/2020\/wp-content\/uploads\/2022\/10\/Logo-corto-Hipnocentro.jpg\",\"contentUrl\":\"https:\/\/hipnocentro.com\/2020\/wp-content\/uploads\/2022\/10\/Logo-corto-Hipnocentro.jpg\",\"width\":856,\"height\":192,\"caption\":\"HIPNOCENTRO\"},\"image\":{\"@id\":\"https:\/\/hipnocentro.com\/2020\/#\/schema\/logo\/image\/\"}}]}<\/script>\n<!-- \/ Yoast SEO plugin. -->","yoast_head_json":{"title":"Dejar de fumar con hipnosis - HIPNOCENTRO - Reserva Plaza","description":"Dejar de Fumar con Hipnosis, seminarios por toda Espa\u00f1a. Elimina la ansiedad del tabaquismo. Asturias Sevilla Murcia Madrid Bilbao Valladolid","robots":{"index":"index","follow":"follow","max-snippet":"max-snippet:-1","max-image-preview":"max-image-preview:large","max-video-preview":"max-video-preview:-1"},"canonical":"https:\/\/hipnocentro.com\/2020\/dejar-de-fumar-con-hipnosis\/","og_locale":"es_ES","og_type":"article","og_title":"Dejar de fumar con hipnosis - HIPNOCENTRO - Reserva Plaza","og_description":"Dejar de Fumar con Hipnosis, seminarios por toda Espa\u00f1a. Elimina la ansiedad del tabaquismo. Asturias Sevilla Murcia Madrid Bilbao Valladolid","og_url":"https:\/\/hipnocentro.com\/2020\/dejar-de-fumar-con-hipnosis\/","og_site_name":"HIPNOCENTRO","article_modified_time":"2022-11-01T16:25:48+00:00","og_image":[{"width":592,"height":334,"url":"https:\/\/hipnocentro.com\/2020\/wp-content\/uploads\/2022\/10\/Dejar-de-fumar-Hipnocentro-2-logo.jpg","type":"image\/jpeg"}],"twitter_card":"summary_large_image","twitter_misc":{"Tiempo de lectura":"5 minutos"},"schema":{"@context":"https:\/\/schema.org","@graph":[{"@type":"WebPage","@id":"https:\/\/hipnocentro.com\/2020\/dejar-de-fumar-con-hipnosis\/","url":"https:\/\/hipnocentro.com\/2020\/dejar-de-fumar-con-hipnosis\/","name":"Dejar de fumar con hipnosis - HIPNOCENTRO - Reserva Plaza","isPartOf":{"@id":"https:\/\/hipnocentro.com\/2020\/#website"},"datePublished":"2020-02-07T07:04:35+00:00","dateModified":"2022-11-01T16:25:48+00:00","description":"Dejar de Fumar con Hipnosis, seminarios por toda Espa\u00f1a. Elimina la ansiedad del tabaquismo. Asturias Sevilla Murcia Madrid Bilbao Valladolid","breadcrumb":{"@id":"https:\/\/hipnocentro.com\/2020\/dejar-de-fumar-con-hipnosis\/#breadcrumb"},"inLanguage":"es","potentialAction":[{"@type":"ReadAction","target":["https:\/\/hipnocentro.com\/2020\/dejar-de-fumar-con-hipnosis\/"]}]},{"@type":"BreadcrumbList","@id":"https:\/\/hipnocentro.com\/2020\/dejar-de-fumar-con-hipnosis\/#breadcrumb","itemListElement":[{"@type":"ListItem","position":1,"name":"Portada","item":"https:\/\/hipnocentro.com\/2020\/"},{"@type":"ListItem","position":2,"name":"Dejar de fumar con hipnosis"}]},{"@type":"WebSite","@id":"https:\/\/hipnocentro.com\/2020\/#website","url":"https:\/\/hipnocentro.com\/2020\/","name":"HIPNOCENTRO","description":"Centro de Hipn&oacute;sis Profesional y An&aacute;lisis Transaccional","publisher":{"@id":"https:\/\/hipnocentro.com\/2020\/#organization"},"potentialAction":[{"@type":"SearchAction","target":{"@type":"EntryPoint","urlTemplate":"https:\/\/hipnocentro.com\/2020\/?s={search_term_string}"},"query-input":"required name=search_term_string"}],"inLanguage":"es"},{"@type":"Organization","@id":"https:\/\/hipnocentro.com\/2020\/#organization","name":"HIPNOCENTRO","url":"https:\/\/hipnocentro.com\/2020\/","logo":{"@type":"ImageObject","inLanguage":"es","@id":"https:\/\/hipnocentro.com\/2020\/#\/schema\/logo\/image\/","url":"https:\/\/hipnocentro.com\/2020\/wp-content\/uploads\/2022\/10\/Logo-corto-Hipnocentro.jpg","contentUrl":"https:\/\/hipnocentro.com\/2020\/wp-content\/uploads\/2022\/10\/Logo-corto-Hipnocentro.jpg","width":856,"height":192,"caption":"HIPNOCENTRO"},"image":{"@id":"https:\/\/hipnocentro.com\/2020\/#\/schema\/logo\/image\/"}}]}},"_links":{"self":[{"href":"https:\/\/hipnocentro.com\/2020\/wp-json\/wp\/v2\/pages\/85"}],"collection":[{"href":"https:\/\/hipnocentro.com\/2020\/wp-json\/wp\/v2\/pages"}],"about":[{"href":"https:\/\/hipnocentro.com\/2020\/wp-json\/wp\/v2\/types\/page"}],"author":[{"embeddable":true,"href":"https:\/\/hipnocentro.com\/2020\/wp-json\/wp\/v2\/users\/6"}],"replies":[{"embeddable":true,"href":"https:\/\/hipnocentro.com\/2020\/wp-json\/wp\/v2\/comments?post=85"}],"version-history":[{"count":11,"href":"https:\/\/hipnocentro.com\/2020\/wp-json\/wp\/v2\/pages\/85\/revisions"}],"predecessor-version":[{"id":1292,"href":"https:\/\/hipnocentro.com\/2020\/wp-json\/wp\/v2\/pages\/85\/revisions\/1292"}],"wp:featuredmedia":[{"embeddable":true,"href":"https:\/\/hipnocentro.com\/2020\/wp-json\/wp\/v2\/media\/1253"}],"wp:attachment":[{"href":"https:\/\/hipnocentro.com\/2020\/wp-json\/wp\/v2\/media?parent=85"}],"curies":[{"name":"wp","href":"https:\/\/api.w.org\/{rel}","templated":true}]}}